{"id":9341,"date":"2025-11-20T18:15:19","date_gmt":"2025-11-20T15:15:19","guid":{"rendered":"https:\/\/leinfelder-juweler.com\/?post_type=product&#038;p=9341"},"modified":"2025-11-20T20:50:58","modified_gmt":"2025-11-20T17:50:58","slug":"ring-weave-750-weissgold-mit-15-brillanten","status":"publish","type":"product","link":"https:\/\/leinfelder-juweler.com\/en\/product\/ring-weave-750-weissgold-mit-15-brillanten\/","title":{"rendered":"Ring \u201cWeave\u201d 750 Wei\u00dfgold mit 15 Brillanten"},"content":{"rendered":"<p data-mce-fragment=\"1\"><strong>Ring \u201cWeave\u201d 750 Wei\u00dfgold mit 15 Brillanten <\/strong><\/p>\n<p data-mce-fragment=\"1\"><strong>Material: <\/strong>750 Wei\u00dfgold<\/p>\n<p data-mce-fragment=\"1\"><strong>Stones:<\/strong> 15 Brillanten \u00d8 3,5 mm gesamt 2,55 ct tw vsi<\/p>\n<p data-mce-fragment=\"1\"><strong>Ein Traum von Liebe und bleibenden Werten. Diese Eigenschaften verspr\u00fcht dieser besondere Ring. Die Brillanten scheinen in ein Band aus Wei\u00dfgold eingeflochten.<\/strong><\/p>\n<p><b>Hinweis: <\/b>Unsere Ringe sind in der angegebenen Gr\u00f6\u00dfe sofort lieferbar. Sollten sie sich einen Ring in einer anderen Gr\u00f6\u00dfe w\u00fcnschen, kontaktieren sie uns bitte. Wir informieren sie gerne \u00fcber die M\u00f6glichkeit und Dauer von Gr\u00f6\u00dfenanpassungen.<\/p>","protected":false},"excerpt":{"rendered":"<p>Ring \u201cWeave\u201d 750 Wei\u00dfgold mit 15 Brillanten Material: 750 Wei\u00dfgold Steine: 15 Brillanten \u00d8 3,5 mm gesamt 2,55 ct tw vsi Ein Traum von Liebe und bleibenden Werten. Diese Eigenschaften verspr\u00fcht dieser besondere Ring. Die Brillanten scheinen in ein Band aus Wei\u00dfgold eingeflochten. Hinweis: Unsere Ringe sind in der angegebenen Gr\u00f6\u00dfe sofort lieferbar. Sollten sie [&hellip;]<\/p>","protected":false},"featured_media":10607,"comment_status":"open","ping_status":"closed","template":"","meta":{"_acf_changed":false,"_et_pb_use_builder":"","_et_pb_old_content":"","_et_gb_content_width":"","inline_featured_image":false},"product_brand":[332],"product_cat":[295],"product_tag":[],"class_list":{"0":"post-9341","1":"product","2":"type-product","3":"status-publish","4":"has-post-thumbnail","6":"product_brand-leinfelder","7":"product_cat-ringe","9":"first","10":"outofstock","11":"shipping-taxable","12":"purchasable","13":"product-type-simple"},"acf":[],"_links":{"self":[{"href":"https:\/\/leinfelder-juweler.com\/en\/wp-json\/wp\/v2\/product\/9341","targetHints":{"allow":["GET"]}}],"collection":[{"href":"https:\/\/leinfelder-juweler.com\/en\/wp-json\/wp\/v2\/product"}],"about":[{"href":"https:\/\/leinfelder-juweler.com\/en\/wp-json\/wp\/v2\/types\/product"}],"replies":[{"embeddable":true,"href":"https:\/\/leinfelder-juweler.com\/en\/wp-json\/wp\/v2\/comments?post=9341"}],"wp:featuredmedia":[{"embeddable":true,"href":"https:\/\/leinfelder-juweler.com\/en\/wp-json\/wp\/v2\/media\/10607"}],"wp:attachment":[{"href":"https:\/\/leinfelder-juweler.com\/en\/wp-json\/wp\/v2\/media?parent=9341"}],"wp:term":[{"taxonomy":"product_brand","embeddable":true,"href":"https:\/\/leinfelder-juweler.com\/en\/wp-json\/wp\/v2\/product_brand?post=9341"},{"taxonomy":"product_cat","embeddable":true,"href":"https:\/\/leinfelder-juweler.com\/en\/wp-json\/wp\/v2\/product_cat?post=9341"},{"taxonomy":"product_tag","embeddable":true,"href":"https:\/\/leinfelder-juweler.com\/en\/wp-json\/wp\/v2\/product_tag?post=9341"}],"curies":[{"name":"wp","href":"https:\/\/api.w.org\/{rel}","templated":true}]}}