{"id":9349,"date":"2025-11-20T18:15:22","date_gmt":"2025-11-20T15:15:22","guid":{"rendered":"https:\/\/leinfelder-juweler.com\/?post_type=product&#038;p=9349"},"modified":"2025-11-20T20:51:47","modified_gmt":"2025-11-20T17:51:47","slug":"ring-925-silber-mit-ebenholz","status":"publish","type":"product","link":"https:\/\/leinfelder-juweler.com\/en\/product\/ring-925-silber-mit-ebenholz\/","title":{"rendered":"Ring 925 Silber mit Ebenholz"},"content":{"rendered":"<p data-mce-fragment=\"1\"><strong>Ring 925 Silber mit Ebenholz<\/strong><\/p>\n<p data-mce-fragment=\"1\"><strong>Material: <\/strong>925 Silber, Ebenholz<\/p>\n<p data-mce-fragment=\"1\"><strong>Ma\u00dfe: <\/strong>9,6 x 3,2 mm<\/p>\n<p data-mce-fragment=\"1\"><strong>Ein Ring und zugleich ein schm\u00fcckendes Objekt. Sehr bequem zu Tragen.<\/strong><\/p>\n<p><b>Hinweis: <\/b>Unsere Ringe sind in der angegebenen Gr\u00f6\u00dfe sofort lieferbar. Sollten sie sich einen Ring in einer anderen Gr\u00f6\u00dfe w\u00fcnschen, kontaktieren sie uns bitte. Wir informieren sie gerne \u00fcber die M\u00f6glichkeit und Dauer von Gr\u00f6\u00dfenanpassungen.<\/p>","protected":false},"excerpt":{"rendered":"<p>Ring 925 Silber mit Ebenholz Material: 925 Silber, Ebenholz Ma\u00dfe: 9,6 x 3,2 mm Ein Ring und zugleich ein schm\u00fcckendes Objekt. Sehr bequem zu Tragen. Hinweis: Unsere Ringe sind in der angegebenen Gr\u00f6\u00dfe sofort lieferbar. Sollten sie sich einen Ring in einer anderen Gr\u00f6\u00dfe w\u00fcnschen, kontaktieren sie uns bitte. Wir informieren sie gerne \u00fcber die [&hellip;]<\/p>","protected":false},"featured_media":10614,"comment_status":"open","ping_status":"closed","template":"","meta":{"_acf_changed":false,"_et_pb_use_builder":"","_et_pb_old_content":"","_et_gb_content_width":"","inline_featured_image":false},"product_brand":[332],"product_cat":[295],"product_tag":[302,370],"class_list":{"0":"post-9349","1":"product","2":"type-product","3":"status-publish","4":"has-post-thumbnail","6":"product_brand-leinfelder","7":"product_cat-ringe","8":"product_tag-ebenholz","9":"product_tag-pur","11":"first","12":"outofstock","13":"shipping-taxable","14":"purchasable","15":"product-type-simple"},"acf":[],"_links":{"self":[{"href":"https:\/\/leinfelder-juweler.com\/en\/wp-json\/wp\/v2\/product\/9349","targetHints":{"allow":["GET"]}}],"collection":[{"href":"https:\/\/leinfelder-juweler.com\/en\/wp-json\/wp\/v2\/product"}],"about":[{"href":"https:\/\/leinfelder-juweler.com\/en\/wp-json\/wp\/v2\/types\/product"}],"replies":[{"embeddable":true,"href":"https:\/\/leinfelder-juweler.com\/en\/wp-json\/wp\/v2\/comments?post=9349"}],"wp:featuredmedia":[{"embeddable":true,"href":"https:\/\/leinfelder-juweler.com\/en\/wp-json\/wp\/v2\/media\/10614"}],"wp:attachment":[{"href":"https:\/\/leinfelder-juweler.com\/en\/wp-json\/wp\/v2\/media?parent=9349"}],"wp:term":[{"taxonomy":"product_brand","embeddable":true,"href":"https:\/\/leinfelder-juweler.com\/en\/wp-json\/wp\/v2\/product_brand?post=9349"},{"taxonomy":"product_cat","embeddable":true,"href":"https:\/\/leinfelder-juweler.com\/en\/wp-json\/wp\/v2\/product_cat?post=9349"},{"taxonomy":"product_tag","embeddable":true,"href":"https:\/\/leinfelder-juweler.com\/en\/wp-json\/wp\/v2\/product_tag?post=9349"}],"curies":[{"name":"wp","href":"https:\/\/api.w.org\/{rel}","templated":true}]}}