{"id":9350,"date":"2025-11-20T18:15:23","date_gmt":"2025-11-20T15:15:23","guid":{"rendered":"https:\/\/leinfelder-juweler.com\/?post_type=product&#038;p=9350"},"modified":"2025-11-20T20:51:52","modified_gmt":"2025-11-20T17:51:52","slug":"alliancering-750-weissgold-mit-40-brillanten","status":"publish","type":"product","link":"https:\/\/leinfelder-juweler.com\/en\/product\/alliancering-750-weissgold-mit-40-brillanten\/","title":{"rendered":"Alliancering 750 Wei\u00dfgold mit\n 40 Brillanten"},"content":{"rendered":"<p data-mce-fragment=\"1\"><strong>Alliancering 750 Wei\u00dfgold mit 40 Brillanten <\/strong><\/p>\n<p data-mce-fragment=\"1\"><strong>Material: <\/strong>750 Wei\u00dfgold<\/p>\n<p data-mce-fragment=\"1\"><strong>Stones:<\/strong> 40 Brillanten \u00d8 1,35 mm gesamt 0,40 ct tw vsi<\/p>\n<p data-mce-fragment=\"1\"><strong>Sinnliche Eleganz vermittelt dieser Alliancering mit den gl\u00e4nzenden Brillanten, zu einem Band vereint.<\/strong><\/p>\n<p data-mce-fragment=\"1\"><strong>Hinweis:\u00a0<\/strong><span>Unsere Ringe sind in der angegebenen Gr\u00f6\u00dfe sofort lieferbar. Sollten sie sich einen Ring in einer anderen Gr\u00f6\u00dfe w\u00fcnschen, kontaktieren sie uns bitte. Wir informieren sie gerne \u00fcber die M\u00f6glichkeit und Dauer von Gr\u00f6\u00dfenanpassungen.<\/span><\/p>","protected":false},"excerpt":{"rendered":"<p>Alliancering 750 Wei\u00dfgold mit 40 Brillanten Material: 750 Wei\u00dfgold Steine: 40 Brillanten \u00d8 1,35 mm gesamt 0,40 ct tw vsi Sinnliche Eleganz vermittelt dieser Alliancering mit den gl\u00e4nzenden Brillanten, zu einem Band vereint. Hinweis:\u00a0Unsere Ringe sind in der angegebenen Gr\u00f6\u00dfe sofort lieferbar. Sollten sie sich einen Ring in einer anderen Gr\u00f6\u00dfe w\u00fcnschen, kontaktieren sie uns [&hellip;]<\/p>","protected":false},"featured_media":10615,"comment_status":"open","ping_status":"closed","template":"","meta":{"_acf_changed":false,"_et_pb_use_builder":"","_et_pb_old_content":"","_et_gb_content_width":"","inline_featured_image":false},"product_brand":[332],"product_cat":[295],"product_tag":[],"class_list":{"0":"post-9350","1":"product","2":"type-product","3":"status-publish","4":"has-post-thumbnail","6":"product_brand-leinfelder","7":"product_cat-ringe","9":"first","10":"outofstock","11":"sold-individually","12":"shipping-taxable","13":"purchasable","14":"product-type-simple"},"acf":[],"_links":{"self":[{"href":"https:\/\/leinfelder-juweler.com\/en\/wp-json\/wp\/v2\/product\/9350","targetHints":{"allow":["GET"]}}],"collection":[{"href":"https:\/\/leinfelder-juweler.com\/en\/wp-json\/wp\/v2\/product"}],"about":[{"href":"https:\/\/leinfelder-juweler.com\/en\/wp-json\/wp\/v2\/types\/product"}],"replies":[{"embeddable":true,"href":"https:\/\/leinfelder-juweler.com\/en\/wp-json\/wp\/v2\/comments?post=9350"}],"wp:featuredmedia":[{"embeddable":true,"href":"https:\/\/leinfelder-juweler.com\/en\/wp-json\/wp\/v2\/media\/10615"}],"wp:attachment":[{"href":"https:\/\/leinfelder-juweler.com\/en\/wp-json\/wp\/v2\/media?parent=9350"}],"wp:term":[{"taxonomy":"product_brand","embeddable":true,"href":"https:\/\/leinfelder-juweler.com\/en\/wp-json\/wp\/v2\/product_brand?post=9350"},{"taxonomy":"product_cat","embeddable":true,"href":"https:\/\/leinfelder-juweler.com\/en\/wp-json\/wp\/v2\/product_cat?post=9350"},{"taxonomy":"product_tag","embeddable":true,"href":"https:\/\/leinfelder-juweler.com\/en\/wp-json\/wp\/v2\/product_tag?post=9350"}],"curies":[{"name":"wp","href":"https:\/\/api.w.org\/{rel}","templated":true}]}}