{"id":9354,"date":"2025-11-20T18:15:24","date_gmt":"2025-11-20T15:15:24","guid":{"rendered":"https:\/\/leinfelder-juweler.com\/?post_type=product&#038;p=9354"},"modified":"2025-11-20T20:52:17","modified_gmt":"2025-11-20T17:52:17","slug":"alliancering-750-weissgold-mit-22-brillanten","status":"publish","type":"product","link":"https:\/\/leinfelder-juweler.com\/en\/product\/alliancering-750-weissgold-mit-22-brillanten\/","title":{"rendered":"Alliancering 750 Wei\u00dfgold mit 22 Brillanten"},"content":{"rendered":"<p data-mce-fragment=\"1\"><strong>Alliancering 750 Wei\u00dfgold mit 22 Brillanten <\/strong><\/p>\n<p data-mce-fragment=\"1\"><strong>Material: <\/strong>750 Wei\u00dfgold<\/p>\n<p data-mce-fragment=\"1\"><strong>Stones:<\/strong> 22 Brillanten \u00d8 2,9 mm gesamt 2,0 ct tw vvs<\/p>\n<p class=\"MsoNormal\" style=\"margin-bottom: .0001pt;\"><b style=\"mso-bidi-font-weight: normal;\">Allianceringe symbolisieren die endlose Liebe und Verbundenheit in einer Beziehung. Diese schlichten, aber eleganten Ringe sind mit funkelnden Diamanten oder anderen Edelsteinen rundum besetzt und verk\u00f6rpern die Ewigkeit durch ihr flie\u00dfendes Design. <\/b><\/p>\n<p style=\"margin-bottom: .0001pt;\" class=\"MsoNormal\">\u00a0<\/p>\n<p style=\"margin-bottom: .0001pt;\" class=\"MsoNormal\"><strong><b style=\"mso-bidi-font-weight: normal;\"><span style=\"font-size: 11.0pt; line-height: 115%; font-family: 'Calibri',sans-serif; mso-ascii-theme-font: minor-latin; mso-fareast-font-family: Calibri; mso-fareast-theme-font: minor-latin; mso-hansi-theme-font: minor-latin; mso-bidi-font-family: 'Times New Roman'; mso-bidi-theme-font: minor-bidi; mso-ansi-language: DE; mso-fareast-language: EN-US; mso-bidi-language: AR-SA;\">Ein funkelndes Meisterwerk der Eleganz &#8211; dieser Diamantring von Leinfelder aus 750 Wei\u00dfgold setzt die funkelnden Brillanten in ihren kunstvollen Krappenfassungen ins rechte Licht. <\/span><\/b><\/strong><\/p>\n<p data-mce-fragment=\"1\"><strong><br \/><\/strong><\/p>\n<p data-mce-fragment=\"1\"><strong>Hinweis:\u00a0<\/strong><span>Unsere Ringe sind in der angegebenen Gr\u00f6\u00dfe sofort lieferbar. Sollten sie sich einen Ring in einer anderen Gr\u00f6\u00dfe w\u00fcnschen, kontaktieren sie uns bitte. Wir informieren sie gerne \u00fcber die M\u00f6glichkeit und Dauer von Gr\u00f6\u00dfenanpassungen.<\/span><\/p>","protected":false},"excerpt":{"rendered":"<p>Alliancering 750 Wei\u00dfgold mit 22 Brillanten Material: 750 Wei\u00dfgold Steine: 22 Brillanten \u00d8 2,9 mm gesamt 2,0 ct tw vvs Allianceringe symbolisieren die endlose Liebe und Verbundenheit in einer Beziehung. Diese schlichten, aber eleganten Ringe sind mit funkelnden Diamanten oder anderen Edelsteinen rundum besetzt und verk\u00f6rpern die Ewigkeit durch ihr flie\u00dfendes Design. \u00a0 Ein funkelndes [&hellip;]<\/p>","protected":false},"featured_media":10619,"comment_status":"open","ping_status":"closed","template":"","meta":{"_acf_changed":false,"_et_pb_use_builder":"","_et_pb_old_content":"","_et_gb_content_width":"","inline_featured_image":false},"product_brand":[332],"product_cat":[295],"product_tag":[],"class_list":{"0":"post-9354","1":"product","2":"type-product","3":"status-publish","4":"has-post-thumbnail","6":"product_brand-leinfelder","7":"product_cat-ringe","9":"first","10":"outofstock","11":"sold-individually","12":"shipping-taxable","13":"purchasable","14":"product-type-simple"},"acf":[],"_links":{"self":[{"href":"https:\/\/leinfelder-juweler.com\/en\/wp-json\/wp\/v2\/product\/9354","targetHints":{"allow":["GET"]}}],"collection":[{"href":"https:\/\/leinfelder-juweler.com\/en\/wp-json\/wp\/v2\/product"}],"about":[{"href":"https:\/\/leinfelder-juweler.com\/en\/wp-json\/wp\/v2\/types\/product"}],"replies":[{"embeddable":true,"href":"https:\/\/leinfelder-juweler.com\/en\/wp-json\/wp\/v2\/comments?post=9354"}],"wp:featuredmedia":[{"embeddable":true,"href":"https:\/\/leinfelder-juweler.com\/en\/wp-json\/wp\/v2\/media\/10619"}],"wp:attachment":[{"href":"https:\/\/leinfelder-juweler.com\/en\/wp-json\/wp\/v2\/media?parent=9354"}],"wp:term":[{"taxonomy":"product_brand","embeddable":true,"href":"https:\/\/leinfelder-juweler.com\/en\/wp-json\/wp\/v2\/product_brand?post=9354"},{"taxonomy":"product_cat","embeddable":true,"href":"https:\/\/leinfelder-juweler.com\/en\/wp-json\/wp\/v2\/product_cat?post=9354"},{"taxonomy":"product_tag","embeddable":true,"href":"https:\/\/leinfelder-juweler.com\/en\/wp-json\/wp\/v2\/product_tag?post=9354"}],"curies":[{"name":"wp","href":"https:\/\/api.w.org\/{rel}","templated":true}]}}