{"id":9365,"date":"2025-11-20T18:15:43","date_gmt":"2025-11-20T15:15:43","guid":{"rendered":"https:\/\/leinfelder-juweler.com\/?post_type=product&#038;p=9365"},"modified":"2025-11-20T20:53:32","modified_gmt":"2025-11-20T17:53:32","slug":"ring-750-weissgold-mit-ebenholz","status":"publish","type":"product","link":"https:\/\/leinfelder-juweler.com\/en\/product\/ring-750-weissgold-mit-ebenholz\/","title":{"rendered":"Ring 750 Wei\u00dfgold mit Ebenholz"},"content":{"rendered":"<p data-mce-fragment=\"1\"><strong>Ring 750 Wei\u00dfgold mit Ebenholz<\/strong><\/p>\n<p data-mce-fragment=\"1\"><strong>Material: <\/strong>750 Wei\u00dfgold und Ebenholz<\/p>\n<p data-mce-fragment=\"1\"><strong>Stones:<\/strong> 216 Brillanten, gesamt 1,30 ct tw vs<\/p>\n<p><strong>Ein Lieblingsst\u00fcck! Die Brillanten sind rundherum und sogar seitlich in den Rahmen aus Wei\u00dfgold gefasst.<\/strong><\/p>\n<p><strong>Das schwarze Ebenholz sorgt f\u00fcr den reizvollen Kontrast. Understatement pur.<\/strong><\/p>\n<p><b>Hinweis: <\/b>Unsere Ringe sind in der angegebenen Gr\u00f6\u00dfe sofort lieferbar. Sollten sie sich einen Ring in einer anderen Gr\u00f6\u00dfe w\u00fcnschen, kontaktieren sie uns bitte. Wir informieren sie gerne \u00fcber die M\u00f6glichkeit und Dauer von Gr\u00f6\u00dfenanpassungen.<\/p>","protected":false},"excerpt":{"rendered":"<p>Ring 750 Wei\u00dfgold mit Ebenholz Material: 750 Wei\u00dfgold und Ebenholz Steine: 216 Brillanten, gesamt 1,30 ct tw vs Ein Lieblingsst\u00fcck! Die Brillanten sind rundherum und sogar seitlich in den Rahmen aus Wei\u00dfgold gefasst. Das schwarze Ebenholz sorgt f\u00fcr den reizvollen Kontrast. Understatement pur. Hinweis: Unsere Ringe sind in der angegebenen Gr\u00f6\u00dfe sofort lieferbar. Sollten sie [&hellip;]<\/p>","protected":false},"featured_media":10630,"comment_status":"open","ping_status":"closed","template":"","meta":{"_acf_changed":false,"_et_pb_use_builder":"","_et_pb_old_content":"","_et_gb_content_width":"","inline_featured_image":false},"product_brand":[332],"product_cat":[295],"product_tag":[302,370],"class_list":{"0":"post-9365","1":"product","2":"type-product","3":"status-publish","4":"has-post-thumbnail","6":"product_brand-leinfelder","7":"product_cat-ringe","8":"product_tag-ebenholz","9":"product_tag-pur","11":"first","12":"outofstock","13":"shipping-taxable","14":"purchasable","15":"product-type-simple"},"acf":[],"_links":{"self":[{"href":"https:\/\/leinfelder-juweler.com\/en\/wp-json\/wp\/v2\/product\/9365","targetHints":{"allow":["GET"]}}],"collection":[{"href":"https:\/\/leinfelder-juweler.com\/en\/wp-json\/wp\/v2\/product"}],"about":[{"href":"https:\/\/leinfelder-juweler.com\/en\/wp-json\/wp\/v2\/types\/product"}],"replies":[{"embeddable":true,"href":"https:\/\/leinfelder-juweler.com\/en\/wp-json\/wp\/v2\/comments?post=9365"}],"wp:featuredmedia":[{"embeddable":true,"href":"https:\/\/leinfelder-juweler.com\/en\/wp-json\/wp\/v2\/media\/10630"}],"wp:attachment":[{"href":"https:\/\/leinfelder-juweler.com\/en\/wp-json\/wp\/v2\/media?parent=9365"}],"wp:term":[{"taxonomy":"product_brand","embeddable":true,"href":"https:\/\/leinfelder-juweler.com\/en\/wp-json\/wp\/v2\/product_brand?post=9365"},{"taxonomy":"product_cat","embeddable":true,"href":"https:\/\/leinfelder-juweler.com\/en\/wp-json\/wp\/v2\/product_cat?post=9365"},{"taxonomy":"product_tag","embeddable":true,"href":"https:\/\/leinfelder-juweler.com\/en\/wp-json\/wp\/v2\/product_tag?post=9365"}],"curies":[{"name":"wp","href":"https:\/\/api.w.org\/{rel}","templated":true}]}}