{"id":9369,"date":"2025-11-20T18:15:45","date_gmt":"2025-11-20T15:15:45","guid":{"rendered":"https:\/\/leinfelder-juweler.com\/?post_type=product&#038;p=9369"},"modified":"2025-11-20T20:53:58","modified_gmt":"2025-11-20T17:53:58","slug":"anhaenger-750-weissgold-leinfelder-kreuz","status":"publish","type":"product","link":"https:\/\/leinfelder-juweler.com\/en\/product\/anhaenger-750-weissgold-leinfelder-kreuz\/","title":{"rendered":"Anh\u00e4nger 750 Wei\u00dfgold Leinfelder Kreuz"},"content":{"rendered":"<p data-mce-fragment=\"1\"><strong>Anh\u00e4nger 750 Wei\u00dfgold Leinfelder Kreuz pav\u00e9e<\/strong><\/p>\n<p data-mce-fragment=\"1\"><strong>Material: <\/strong>750 Wei\u00dfgold<\/p>\n<p data-mce-fragment=\"1\"><strong>Stones:<\/strong> Mittelstein 1 Brillant 0,12 ct tw vsi und 88 Brillanten , gesamt 1,12 ct tw vsi pav\u00e9 gefasst und 41 Brillanten in der \u00d6se , gesamt 0,29 ct tw vvs<\/p>\n<p data-mce-fragment=\"1\"><strong>Ma\u00dfe: <\/strong>20 x 20 mm<\/p>\n<p data-mce-fragment=\"1\"><strong>Unser Leinfelder Kreuz ist dem Vorbild eines r\u00f6mischen Ausgrabungsst\u00fcckes nachempfunden. 130 Brillanten, von Hand gefasst, zieren diesen au\u00dfergew\u00f6hnlichen Anh\u00e4nger.<\/strong><\/p>\n<p data-mce-fragment=\"1\">\u00a0<\/p>\n<p data-mce-fragment=\"1\"><strong>Passend zu diesem Anh\u00e4nger empfehlen wir eine der folgenden Ketten: <\/strong><\/p>\n<p><strong>Rundankerkette 3,0 mm \/ 45 cm:<\/strong><\/p>\n<p><a href=\"https:\/\/shop.leinfelder-goldschmiede.de\/products\/rundankerkette-3-0-mm-45-cm\"><img decoding=\"async\" alt=\"Rundankerkette 3,0 mm \/ 45 cm\" src=\"https:\/\/cdn.shopify.com\/s\/files\/1\/0537\/7205\/8797\/files\/45_55_20_Rundankerkette_3_0_mm_zugeschnitten.jpg?v=1616748645\"><\/a><\/p>\n<p><strong>Rundankerkette 2,6 mm \/ 43 cm:<\/strong><\/p>\n<p><a href=\"https:\/\/shop.leinfelder-goldschmiede.de\/products\/rundankerkette-2-6-mm-43-cm\"><img decoding=\"async\" alt=\"Rundankerkette 2,6 mm \/ 43 cm\" src=\"https:\/\/cdn.shopify.com\/s\/files\/1\/0537\/7205\/8797\/files\/45_55_019_B_Rundankerkette_2_6_mm_zugeschnitten.jpg?v=1616748631\"><\/a><\/p>","protected":false},"excerpt":{"rendered":"<p>Anh\u00e4nger 750 Wei\u00dfgold Leinfelder Kreuz pav\u00e9e Material: 750 Wei\u00dfgold Steine: Mittelstein 1 Brillant 0,12 ct tw vsi und 88 Brillanten , gesamt 1,12 ct tw vsi pav\u00e9 gefasst und 41 Brillanten in der \u00d6se , gesamt 0,29 ct tw vvs Ma\u00dfe: 20 x 20 mm Unser Leinfelder Kreuz ist dem Vorbild eines r\u00f6mischen Ausgrabungsst\u00fcckes nachempfunden. [&hellip;]<\/p>","protected":false},"featured_media":10634,"comment_status":"open","ping_status":"closed","template":"","meta":{"_acf_changed":false,"_et_pb_use_builder":"","_et_pb_old_content":"","_et_gb_content_width":"","inline_featured_image":false},"product_brand":[332],"product_cat":[333],"product_tag":[],"class_list":{"0":"post-9369","1":"product","2":"type-product","3":"status-publish","4":"has-post-thumbnail","6":"product_brand-leinfelder","7":"product_cat-halsschmuck","9":"first","10":"instock","11":"shipping-taxable","12":"purchasable","13":"product-type-simple"},"acf":[],"_links":{"self":[{"href":"https:\/\/leinfelder-juweler.com\/en\/wp-json\/wp\/v2\/product\/9369","targetHints":{"allow":["GET"]}}],"collection":[{"href":"https:\/\/leinfelder-juweler.com\/en\/wp-json\/wp\/v2\/product"}],"about":[{"href":"https:\/\/leinfelder-juweler.com\/en\/wp-json\/wp\/v2\/types\/product"}],"replies":[{"embeddable":true,"href":"https:\/\/leinfelder-juweler.com\/en\/wp-json\/wp\/v2\/comments?post=9369"}],"wp:featuredmedia":[{"embeddable":true,"href":"https:\/\/leinfelder-juweler.com\/en\/wp-json\/wp\/v2\/media\/10634"}],"wp:attachment":[{"href":"https:\/\/leinfelder-juweler.com\/en\/wp-json\/wp\/v2\/media?parent=9369"}],"wp:term":[{"taxonomy":"product_brand","embeddable":true,"href":"https:\/\/leinfelder-juweler.com\/en\/wp-json\/wp\/v2\/product_brand?post=9369"},{"taxonomy":"product_cat","embeddable":true,"href":"https:\/\/leinfelder-juweler.com\/en\/wp-json\/wp\/v2\/product_cat?post=9369"},{"taxonomy":"product_tag","embeddable":true,"href":"https:\/\/leinfelder-juweler.com\/en\/wp-json\/wp\/v2\/product_tag?post=9369"}],"curies":[{"name":"wp","href":"https:\/\/api.w.org\/{rel}","templated":true}]}}