{"id":9377,"date":"2025-11-20T18:15:47","date_gmt":"2025-11-20T15:15:47","guid":{"rendered":"https:\/\/leinfelder-juweler.com\/?post_type=product&#038;p=9377"},"modified":"2025-11-20T20:54:46","modified_gmt":"2025-11-20T17:54:46","slug":"armreif-750-gelbgold-mit-mondstein-cabochon","status":"publish","type":"product","link":"https:\/\/leinfelder-juweler.com\/en\/product\/armreif-750-gelbgold-mit-mondstein-cabochon\/","title":{"rendered":"Armreif 750 Gelbgold mit Mondstein Cabochon"},"content":{"rendered":"<p data-mce-fragment=\"1\"><strong>Armreif 750 Gelbgold mit Mondstein Cabochon <\/strong><\/p>\n<p data-mce-fragment=\"1\"><strong>Material: <\/strong>750 Yellow Gold<\/p>\n<p data-mce-fragment=\"1\"><strong>Stein:<\/strong> 8,97 ct Mondstein Cabochon grau 16 x 12 mm<\/p>\n<p data-mce-fragment=\"1\"><strong>Gr\u00f6\u00dfe:<\/strong> Armreif Innen ca. 62 x 48 mm<\/p>\n<p class=\"MsoNormal\" style=\"margin-bottom: .0001pt;\"><b style=\"mso-bidi-font-weight: normal;\"><span style=\"mso-bidi-font-family: Calibri; mso-bidi-theme-font: minor-latin;\">Unsere Schmuck-Linie &#8218;Klassik&#8216; besticht durch zeitlose Harmonie und feine Details. Die Kollektion umfasst Ohrschmuck, Ringe, Anh\u00e4nger und Armb\u00e4nder aus 750 Gelb-, Ros\u00e9- und Wei\u00dfgold, veredelt mit hochwertigen, farbigen Edelsteinen im Cabochon- und Facettenschliff. <\/span><\/b><\/p>\n<p class=\"MsoNormal\" style=\"margin-bottom: .0001pt;\"><strong><span style=\"font-family: 'Calibri',sans-serif; mso-ascii-theme-font: minor-latin; mso-hansi-theme-font: minor-latin; mso-bidi-font-family: 'Times New Roman'; mso-bidi-theme-font: minor-bidi;\">Es sind die kleinen Feinheiten, die Proportionen und die ausgesuchten Edelsteine, die ein Schmuckst\u00fcck aus unserer Werkstatt auszeichnen.<\/span><\/strong><\/p>","protected":false},"excerpt":{"rendered":"<p>Armreif 750 Gelbgold mit Mondstein Cabochon Material: 750 Gelbgold Stein: 8,97 ct Mondstein Cabochon grau 16 x 12 mm Gr\u00f6\u00dfe: Armreif Innen ca. 62 x 48 mm Unsere Schmuck-Linie &#8218;Klassik&#8216; besticht durch zeitlose Harmonie und feine Details. Die Kollektion umfasst Ohrschmuck, Ringe, Anh\u00e4nger und Armb\u00e4nder aus 750 Gelb-, Ros\u00e9- und Wei\u00dfgold, veredelt mit hochwertigen, farbigen [&hellip;]<\/p>","protected":false},"featured_media":10642,"comment_status":"open","ping_status":"closed","template":"","meta":{"_acf_changed":false,"_et_pb_use_builder":"","_et_pb_old_content":"","_et_gb_content_width":"","inline_featured_image":false},"product_brand":[332],"product_cat":[335],"product_tag":[],"class_list":{"0":"post-9377","1":"product","2":"type-product","3":"status-publish","4":"has-post-thumbnail","6":"product_brand-leinfelder","7":"product_cat-armschmuck","9":"first","10":"instock","11":"shipping-taxable","12":"purchasable","13":"product-type-simple"},"acf":[],"_links":{"self":[{"href":"https:\/\/leinfelder-juweler.com\/en\/wp-json\/wp\/v2\/product\/9377","targetHints":{"allow":["GET"]}}],"collection":[{"href":"https:\/\/leinfelder-juweler.com\/en\/wp-json\/wp\/v2\/product"}],"about":[{"href":"https:\/\/leinfelder-juweler.com\/en\/wp-json\/wp\/v2\/types\/product"}],"replies":[{"embeddable":true,"href":"https:\/\/leinfelder-juweler.com\/en\/wp-json\/wp\/v2\/comments?post=9377"}],"wp:featuredmedia":[{"embeddable":true,"href":"https:\/\/leinfelder-juweler.com\/en\/wp-json\/wp\/v2\/media\/10642"}],"wp:attachment":[{"href":"https:\/\/leinfelder-juweler.com\/en\/wp-json\/wp\/v2\/media?parent=9377"}],"wp:term":[{"taxonomy":"product_brand","embeddable":true,"href":"https:\/\/leinfelder-juweler.com\/en\/wp-json\/wp\/v2\/product_brand?post=9377"},{"taxonomy":"product_cat","embeddable":true,"href":"https:\/\/leinfelder-juweler.com\/en\/wp-json\/wp\/v2\/product_cat?post=9377"},{"taxonomy":"product_tag","embeddable":true,"href":"https:\/\/leinfelder-juweler.com\/en\/wp-json\/wp\/v2\/product_tag?post=9377"}],"curies":[{"name":"wp","href":"https:\/\/api.w.org\/{rel}","templated":true}]}}