{"id":9379,"date":"2025-11-20T18:15:48","date_gmt":"2025-11-20T15:15:48","guid":{"rendered":"https:\/\/leinfelder-juweler.com\/?post_type=product&#038;p=9379"},"modified":"2025-11-20T20:54:59","modified_gmt":"2025-11-20T17:54:59","slug":"vario-ohrschmuck-einhaenger-80","status":"publish","type":"product","link":"https:\/\/leinfelder-juweler.com\/en\/product\/vario-ohrschmuck-einhaenger-80\/","title":{"rendered":"Vario Ohrschmuck Einh\u00e4nger"},"content":{"rendered":"<p><strong>Vario Ohrschmuck Einh\u00e4nger kombinierbar mit verschiedenen Oberteilen:<\/strong><\/p>\n<p><strong>Material: <\/strong>750 Yellow Gold<\/p>\n<p><strong>Stones: <\/strong>2 Brillanten 0,28 ct \u00d8 3,3 mm und wei\u00dfen Mondstein Pampeln 17,5 x 10,5 mm<\/p>\n<p><strong>Eine wunderbare Erg\u00e4nzung zu vielen unserer Vario-Oberteilen.<\/strong><\/p>\n<p><strong>Die wei\u00dfen Mondstein Pampeln schweben scheinbar schwerelos in ihrer Fassung mit den glitzernden Brillanten.<\/strong><\/p>\n<p>\u00a0\u00a0\u00a0\u00a0\u00a0\u00a0<\/p>","protected":false},"excerpt":{"rendered":"<p>Vario Ohrschmuck Einh\u00e4nger kombinierbar mit verschiedenen Oberteilen: Material: 750 Gelbgold Steine: 2 Brillanten 0,28 ct \u00d8 3,3 mm und wei\u00dfen Mondstein Pampeln 17,5 x 10,5 mm Eine wunderbare Erg\u00e4nzung zu vielen unserer Vario-Oberteilen. Die wei\u00dfen Mondstein Pampeln schweben scheinbar schwerelos in ihrer Fassung mit den glitzernden Brillanten. \u00a0\u00a0\u00a0\u00a0\u00a0\u00a0<\/p>","protected":false},"featured_media":10644,"comment_status":"open","ping_status":"closed","template":"","meta":{"_acf_changed":false,"_et_pb_use_builder":"","_et_pb_old_content":"","_et_gb_content_width":"","inline_featured_image":false},"product_brand":[332],"product_cat":[331],"product_tag":[],"class_list":{"0":"post-9379","1":"product","2":"type-product","3":"status-publish","4":"has-post-thumbnail","6":"product_brand-leinfelder","7":"product_cat-ohrschmuck","9":"first","10":"outofstock","11":"shipping-taxable","12":"purchasable","13":"product-type-simple"},"acf":[],"_links":{"self":[{"href":"https:\/\/leinfelder-juweler.com\/en\/wp-json\/wp\/v2\/product\/9379","targetHints":{"allow":["GET"]}}],"collection":[{"href":"https:\/\/leinfelder-juweler.com\/en\/wp-json\/wp\/v2\/product"}],"about":[{"href":"https:\/\/leinfelder-juweler.com\/en\/wp-json\/wp\/v2\/types\/product"}],"replies":[{"embeddable":true,"href":"https:\/\/leinfelder-juweler.com\/en\/wp-json\/wp\/v2\/comments?post=9379"}],"wp:featuredmedia":[{"embeddable":true,"href":"https:\/\/leinfelder-juweler.com\/en\/wp-json\/wp\/v2\/media\/10644"}],"wp:attachment":[{"href":"https:\/\/leinfelder-juweler.com\/en\/wp-json\/wp\/v2\/media?parent=9379"}],"wp:term":[{"taxonomy":"product_brand","embeddable":true,"href":"https:\/\/leinfelder-juweler.com\/en\/wp-json\/wp\/v2\/product_brand?post=9379"},{"taxonomy":"product_cat","embeddable":true,"href":"https:\/\/leinfelder-juweler.com\/en\/wp-json\/wp\/v2\/product_cat?post=9379"},{"taxonomy":"product_tag","embeddable":true,"href":"https:\/\/leinfelder-juweler.com\/en\/wp-json\/wp\/v2\/product_tag?post=9379"}],"curies":[{"name":"wp","href":"https:\/\/api.w.org\/{rel}","templated":true}]}}