{"id":9380,"date":"2025-11-20T18:15:48","date_gmt":"2025-11-20T15:15:48","guid":{"rendered":"https:\/\/leinfelder-juweler.com\/?post_type=product&#038;p=9380"},"modified":"2025-11-20T20:55:06","modified_gmt":"2025-11-20T17:55:06","slug":"vario-ohrschmuck-einhaenger-81","status":"publish","type":"product","link":"https:\/\/leinfelder-juweler.com\/en\/product\/vario-ohrschmuck-einhaenger-81\/","title":{"rendered":"Vario Ohrschmuck Einh\u00e4nger"},"content":{"rendered":"<p><strong>Vario Ohrschmuck Einh\u00e4nger kombinierbar mit verschiedenen Oberteilen:<\/strong><\/p>\n<p><strong>S\u00fc\u00dfwasser-Perlquasten<\/strong><\/p>\n<p><strong>Material: <\/strong>750 Yellow Gold<\/p>\n<p><strong>Elemente:<\/strong> S\u00fc\u00dfwasserperlen, je 12 Reihen, L\u00e4nge 4,0 cm<\/p>\n<p><strong>Die Perlquasten harmonieren wunderbar mit unseren Vario- Oberteilen und verleihen jedem Ensemble Schwung.<\/strong><\/p>","protected":false},"excerpt":{"rendered":"<p>Vario Ohrschmuck Einh\u00e4nger kombinierbar mit verschiedenen Oberteilen: S\u00fc\u00dfwasser-Perlquasten Material: 750 Gelbgold Elemente: S\u00fc\u00dfwasserperlen, je 12 Reihen, L\u00e4nge 4,0 cm Die Perlquasten harmonieren wunderbar mit unseren Vario- Oberteilen und verleihen jedem Ensemble Schwung.<\/p>","protected":false},"featured_media":10645,"comment_status":"open","ping_status":"closed","template":"","meta":{"_acf_changed":false,"_et_pb_use_builder":"","_et_pb_old_content":"","_et_gb_content_width":"","inline_featured_image":false},"product_brand":[332],"product_cat":[331],"product_tag":[],"class_list":{"0":"post-9380","1":"product","2":"type-product","3":"status-publish","4":"has-post-thumbnail","6":"product_brand-leinfelder","7":"product_cat-ohrschmuck","9":"first","10":"outofstock","11":"shipping-taxable","12":"purchasable","13":"product-type-simple"},"acf":[],"_links":{"self":[{"href":"https:\/\/leinfelder-juweler.com\/en\/wp-json\/wp\/v2\/product\/9380","targetHints":{"allow":["GET"]}}],"collection":[{"href":"https:\/\/leinfelder-juweler.com\/en\/wp-json\/wp\/v2\/product"}],"about":[{"href":"https:\/\/leinfelder-juweler.com\/en\/wp-json\/wp\/v2\/types\/product"}],"replies":[{"embeddable":true,"href":"https:\/\/leinfelder-juweler.com\/en\/wp-json\/wp\/v2\/comments?post=9380"}],"wp:featuredmedia":[{"embeddable":true,"href":"https:\/\/leinfelder-juweler.com\/en\/wp-json\/wp\/v2\/media\/10645"}],"wp:attachment":[{"href":"https:\/\/leinfelder-juweler.com\/en\/wp-json\/wp\/v2\/media?parent=9380"}],"wp:term":[{"taxonomy":"product_brand","embeddable":true,"href":"https:\/\/leinfelder-juweler.com\/en\/wp-json\/wp\/v2\/product_brand?post=9380"},{"taxonomy":"product_cat","embeddable":true,"href":"https:\/\/leinfelder-juweler.com\/en\/wp-json\/wp\/v2\/product_cat?post=9380"},{"taxonomy":"product_tag","embeddable":true,"href":"https:\/\/leinfelder-juweler.com\/en\/wp-json\/wp\/v2\/product_tag?post=9380"}],"curies":[{"name":"wp","href":"https:\/\/api.w.org\/{rel}","templated":true}]}}