{"id":9383,"date":"2025-11-20T18:15:49","date_gmt":"2025-11-20T15:15:49","guid":{"rendered":"https:\/\/leinfelder-juweler.com\/?post_type=product&#038;p=9383"},"modified":"2025-11-20T20:55:25","modified_gmt":"2025-11-20T17:55:25","slug":"bandring-mit-drachenmuster","status":"publish","type":"product","link":"https:\/\/leinfelder-juweler.com\/en\/product\/bandring-mit-drachenmuster\/","title":{"rendered":"Bandring mit Drachenmuster"},"content":{"rendered":"<p><strong>Bandring mit Drachenmuster<\/strong><\/p>\n<p><strong>Material: <\/strong>750 Ros\u00e9gold\u00a0<\/p>\n<p><strong>Stein: <\/strong>Spinell\u00a0 3,86 ct. 10 x 8 mm facettiert antikoval<\/p>\n<p class=\"MsoNormal\" style=\"margin-bottom: .0001pt;\"><strong><span style=\"font-family: 'Calibri',sans-serif; mso-ascii-theme-font: minor-latin; mso-hansi-theme-font: minor-latin; mso-bidi-font-family: 'Times New Roman'; mso-bidi-theme-font: minor-bidi;\">Gl\u00fccksdrachen: Kraft und Eleganz vereint.<\/span><\/strong><br \/><strong><span style=\"font-family: 'Calibri',sans-serif; mso-ascii-theme-font: minor-latin; mso-hansi-theme-font: minor-latin; mso-bidi-font-family: 'Times New Roman'; mso-bidi-theme-font: minor-bidi;\">Entdecken Sie die mystische Anziehungskraft unserer Gl\u00fccksdrachen-Kollektion. Die einzigartige Schuppenstruktur, die die St\u00e4rke eines Drachen symbolisiert, macht jedes Schmuckst\u00fcck zu einem besonderen Talisman.<\/span><\/strong><\/p>\n<p><strong><br \/><\/strong><\/p>\n<p><b>Hinweis: <\/b>Unsere Ringe sind in der angegebenen Gr\u00f6\u00dfe sofort lieferbar. Sollten sie sich einen Ring in einer anderen Gr\u00f6\u00dfe w\u00fcnschen, kontaktieren sie uns bitte. Wir informieren sie gerne \u00fcber die M\u00f6glichkeit und Dauer von Gr\u00f6\u00dfenanpassungen.<\/p>","protected":false},"excerpt":{"rendered":"<p>Bandring mit Drachenmuster Material: 750 Ros\u00e9gold\u00a0 Stein: Spinell\u00a0 3,86 ct. 10 x 8 mm facettiert antikoval Gl\u00fccksdrachen: Kraft und Eleganz vereint.Entdecken Sie die mystische Anziehungskraft unserer Gl\u00fccksdrachen-Kollektion. Die einzigartige Schuppenstruktur, die die St\u00e4rke eines Drachen symbolisiert, macht jedes Schmuckst\u00fcck zu einem besonderen Talisman. Hinweis: Unsere Ringe sind in der angegebenen Gr\u00f6\u00dfe sofort lieferbar. Sollten sie [&hellip;]<\/p>","protected":false},"featured_media":10648,"comment_status":"open","ping_status":"closed","template":"","meta":{"_acf_changed":false,"_et_pb_use_builder":"","_et_pb_old_content":"","_et_gb_content_width":"","inline_featured_image":false},"product_brand":[332],"product_cat":[295],"product_tag":[],"class_list":{"0":"post-9383","1":"product","2":"type-product","3":"status-publish","4":"has-post-thumbnail","6":"product_brand-leinfelder","7":"product_cat-ringe","9":"first","10":"outofstock","11":"shipping-taxable","12":"purchasable","13":"product-type-simple"},"acf":[],"_links":{"self":[{"href":"https:\/\/leinfelder-juweler.com\/en\/wp-json\/wp\/v2\/product\/9383","targetHints":{"allow":["GET"]}}],"collection":[{"href":"https:\/\/leinfelder-juweler.com\/en\/wp-json\/wp\/v2\/product"}],"about":[{"href":"https:\/\/leinfelder-juweler.com\/en\/wp-json\/wp\/v2\/types\/product"}],"replies":[{"embeddable":true,"href":"https:\/\/leinfelder-juweler.com\/en\/wp-json\/wp\/v2\/comments?post=9383"}],"wp:featuredmedia":[{"embeddable":true,"href":"https:\/\/leinfelder-juweler.com\/en\/wp-json\/wp\/v2\/media\/10648"}],"wp:attachment":[{"href":"https:\/\/leinfelder-juweler.com\/en\/wp-json\/wp\/v2\/media?parent=9383"}],"wp:term":[{"taxonomy":"product_brand","embeddable":true,"href":"https:\/\/leinfelder-juweler.com\/en\/wp-json\/wp\/v2\/product_brand?post=9383"},{"taxonomy":"product_cat","embeddable":true,"href":"https:\/\/leinfelder-juweler.com\/en\/wp-json\/wp\/v2\/product_cat?post=9383"},{"taxonomy":"product_tag","embeddable":true,"href":"https:\/\/leinfelder-juweler.com\/en\/wp-json\/wp\/v2\/product_tag?post=9383"}],"curies":[{"name":"wp","href":"https:\/\/api.w.org\/{rel}","templated":true}]}}