{"id":9384,"date":"2025-11-20T18:15:49","date_gmt":"2025-11-20T15:15:49","guid":{"rendered":"https:\/\/leinfelder-juweler.com\/?post_type=product&#038;p=9384"},"modified":"2025-11-20T20:55:32","modified_gmt":"2025-11-20T17:55:32","slug":"klappcreolen-klein-mit-drachenmuster","status":"publish","type":"product","link":"https:\/\/leinfelder-juweler.com\/en\/product\/klappcreolen-klein-mit-drachenmuster\/","title":{"rendered":"Klappcreolen klein mit Drachenmuster"},"content":{"rendered":"<p><strong>Ohrschmuck Klappcreolen<br \/><\/strong><\/p>\n<p><strong>Material: <\/strong>750 Yellow Gold<\/p>\n<p><strong>Ma\u00dfe: <\/strong>4 mm breit \/ \u00d8 16,5 mm Au\u00dfendurchmesser<\/p>\n<p class=\"MsoNormal\" style=\"margin-bottom: .0001pt;\"><strong><span style=\"font-family: 'Calibri',sans-serif; mso-ascii-theme-font: minor-latin; mso-hansi-theme-font: minor-latin; mso-bidi-font-family: 'Times New Roman'; mso-bidi-theme-font: minor-bidi;\">Gl\u00fccksdrachen: Kraft und Eleganz vereint.<\/span><\/strong><br \/><strong><span style=\"font-family: 'Calibri',sans-serif; mso-ascii-theme-font: minor-latin; mso-hansi-theme-font: minor-latin; mso-bidi-font-family: 'Times New Roman'; mso-bidi-theme-font: minor-bidi;\">Entdecken Sie die mystische Anziehungskraft unserer Gl\u00fccksdrachen-Kollektion. Die einzigartige Schuppenstruktur, die die St\u00e4rke eines Drachen symbolisiert, macht jedes Schmuckst\u00fcck zu einem besonderen Talisman.<\/span><\/strong><\/p>\n<p><strong><br \/><\/strong><\/p>","protected":false},"excerpt":{"rendered":"<p>Ohrschmuck Klappcreolen Material: 750 Gelbgold Ma\u00dfe: 4 mm breit \/ \u00d8 16,5 mm Au\u00dfendurchmesser Gl\u00fccksdrachen: Kraft und Eleganz vereint.Entdecken Sie die mystische Anziehungskraft unserer Gl\u00fccksdrachen-Kollektion. Die einzigartige Schuppenstruktur, die die St\u00e4rke eines Drachen symbolisiert, macht jedes Schmuckst\u00fcck zu einem besonderen Talisman.<\/p>","protected":false},"featured_media":10649,"comment_status":"open","ping_status":"closed","template":"","meta":{"_acf_changed":false,"_et_pb_use_builder":"","_et_pb_old_content":"","_et_gb_content_width":"","inline_featured_image":false},"product_brand":[332],"product_cat":[331],"product_tag":[],"class_list":{"0":"post-9384","1":"product","2":"type-product","3":"status-publish","4":"has-post-thumbnail","6":"product_brand-leinfelder","7":"product_cat-ohrschmuck","9":"first","10":"instock","11":"shipping-taxable","12":"purchasable","13":"product-type-simple"},"acf":[],"_links":{"self":[{"href":"https:\/\/leinfelder-juweler.com\/en\/wp-json\/wp\/v2\/product\/9384","targetHints":{"allow":["GET"]}}],"collection":[{"href":"https:\/\/leinfelder-juweler.com\/en\/wp-json\/wp\/v2\/product"}],"about":[{"href":"https:\/\/leinfelder-juweler.com\/en\/wp-json\/wp\/v2\/types\/product"}],"replies":[{"embeddable":true,"href":"https:\/\/leinfelder-juweler.com\/en\/wp-json\/wp\/v2\/comments?post=9384"}],"wp:featuredmedia":[{"embeddable":true,"href":"https:\/\/leinfelder-juweler.com\/en\/wp-json\/wp\/v2\/media\/10649"}],"wp:attachment":[{"href":"https:\/\/leinfelder-juweler.com\/en\/wp-json\/wp\/v2\/media?parent=9384"}],"wp:term":[{"taxonomy":"product_brand","embeddable":true,"href":"https:\/\/leinfelder-juweler.com\/en\/wp-json\/wp\/v2\/product_brand?post=9384"},{"taxonomy":"product_cat","embeddable":true,"href":"https:\/\/leinfelder-juweler.com\/en\/wp-json\/wp\/v2\/product_cat?post=9384"},{"taxonomy":"product_tag","embeddable":true,"href":"https:\/\/leinfelder-juweler.com\/en\/wp-json\/wp\/v2\/product_tag?post=9384"}],"curies":[{"name":"wp","href":"https:\/\/api.w.org\/{rel}","templated":true}]}}