{"id":9386,"date":"2025-11-20T18:15:50","date_gmt":"2025-11-20T15:15:50","guid":{"rendered":"https:\/\/leinfelder-juweler.com\/?post_type=product&#038;p=9386"},"modified":"2025-11-20T20:55:46","modified_gmt":"2025-11-20T17:55:46","slug":"anhaenger-drachenherz-4","status":"publish","type":"product","link":"https:\/\/leinfelder-juweler.com\/en\/product\/anhaenger-drachenherz-4\/","title":{"rendered":"Anh\u00e4nger Drachenherz"},"content":{"rendered":"<p data-mce-fragment=\"1\"><strong>Anh\u00e4nger \u201eDrachenherz&#8220; ohne Kette<br \/><\/strong><\/p>\n<p data-mce-fragment=\"1\"><strong>Material: <\/strong>750 Gelbgold vollplastisch<\/p>\n<p data-mce-fragment=\"1\"><strong>Ma\u00dfe: <\/strong>12 mm<\/p>\n<p><strong>Fabelhaft!<\/strong><\/p>\n<p data-mce-fragment=\"1\"><strong>Unser \u201eDrachenherz\u201c begeistert mit seiner plastischen Haptik. Die Oberfl\u00e4che dieses Anh\u00e4ngers ziert die Drachenstruktur unseres Gl\u00fccksdrachens und sorgt f\u00fcr die magische Anmutung. Ein echter Handschmeichler!\u00a0<\/strong><\/p>\n<p data-mce-fragment=\"1\"><strong>Passend zu diesem Anh\u00e4nger empfehlen wir eine der folgenden Ketten: <\/strong><\/p>\n<p><strong>Weitankerkette 2,5 mm \/ 45 cm:<\/strong><\/p>\n<p><a href=\"https:\/\/shop.leinfelder-goldschmiede.de\/products\/weitankerkette-2-5-mm-45-cm\"><img decoding=\"async\" alt=\"Weitankerkette 2,5 mm \/ 45 cm\" src=\"https:\/\/cdn.shopify.com\/s\/files\/1\/0537\/7205\/8797\/files\/45_55_47_Weitankerkette_2_5_mm_zugeschnitten.jpg?v=1616748836\"><\/a><\/p>\n<p><strong>Kugelkette 1,5 mm \/ 45 cm:<\/strong><\/p>\n<p><a href=\"https:\/\/shop.leinfelder-goldschmiede.de\/products\/kugelkette-1-5-mm-45-cm\"><img decoding=\"async\" alt=\"Kugelkette 1,5 mm \/ 45 cm\" src=\"https:\/\/cdn.shopify.com\/s\/files\/1\/0537\/7205\/8797\/files\/45_55_017_Kugelkette_1_5_mm_zugeschnitten.jpg?v=1616748616\"><\/a><\/p>","protected":false},"excerpt":{"rendered":"<p>Anh\u00e4nger \u201eDrachenherz&#8220; ohne Kette Material: 750 Gelbgold vollplastisch Ma\u00dfe: 12 mm Fabelhaft! Unser \u201eDrachenherz\u201c begeistert mit seiner plastischen Haptik. Die Oberfl\u00e4che dieses Anh\u00e4ngers ziert die Drachenstruktur unseres Gl\u00fccksdrachens und sorgt f\u00fcr die magische Anmutung. Ein echter Handschmeichler!\u00a0 Passend zu diesem Anh\u00e4nger empfehlen wir eine der folgenden Ketten: Weitankerkette 2,5 mm \/ 45 cm: Kugelkette 1,5 [&hellip;]<\/p>","protected":false},"featured_media":10651,"comment_status":"open","ping_status":"closed","template":"","meta":{"_acf_changed":false,"_et_pb_use_builder":"","_et_pb_old_content":"","_et_gb_content_width":"","inline_featured_image":false},"product_brand":[332],"product_cat":[333],"product_tag":[],"class_list":{"0":"post-9386","1":"product","2":"type-product","3":"status-publish","4":"has-post-thumbnail","6":"product_brand-leinfelder","7":"product_cat-halsschmuck","9":"first","10":"outofstock","11":"shipping-taxable","12":"purchasable","13":"product-type-simple"},"acf":[],"_links":{"self":[{"href":"https:\/\/leinfelder-juweler.com\/en\/wp-json\/wp\/v2\/product\/9386","targetHints":{"allow":["GET"]}}],"collection":[{"href":"https:\/\/leinfelder-juweler.com\/en\/wp-json\/wp\/v2\/product"}],"about":[{"href":"https:\/\/leinfelder-juweler.com\/en\/wp-json\/wp\/v2\/types\/product"}],"replies":[{"embeddable":true,"href":"https:\/\/leinfelder-juweler.com\/en\/wp-json\/wp\/v2\/comments?post=9386"}],"wp:featuredmedia":[{"embeddable":true,"href":"https:\/\/leinfelder-juweler.com\/en\/wp-json\/wp\/v2\/media\/10651"}],"wp:attachment":[{"href":"https:\/\/leinfelder-juweler.com\/en\/wp-json\/wp\/v2\/media?parent=9386"}],"wp:term":[{"taxonomy":"product_brand","embeddable":true,"href":"https:\/\/leinfelder-juweler.com\/en\/wp-json\/wp\/v2\/product_brand?post=9386"},{"taxonomy":"product_cat","embeddable":true,"href":"https:\/\/leinfelder-juweler.com\/en\/wp-json\/wp\/v2\/product_cat?post=9386"},{"taxonomy":"product_tag","embeddable":true,"href":"https:\/\/leinfelder-juweler.com\/en\/wp-json\/wp\/v2\/product_tag?post=9386"}],"curies":[{"name":"wp","href":"https:\/\/api.w.org\/{rel}","templated":true}]}}