{"id":9388,"date":"2025-11-20T18:15:51","date_gmt":"2025-11-20T15:15:51","guid":{"rendered":"https:\/\/leinfelder-juweler.com\/?post_type=product&#038;p=9388"},"modified":"2025-11-20T20:56:00","modified_gmt":"2025-11-20T17:56:00","slug":"ring-mit-rhodolith-2","status":"publish","type":"product","link":"https:\/\/leinfelder-juweler.com\/en\/product\/ring-mit-rhodolith-2\/","title":{"rendered":"Ring mit Rhodolith"},"content":{"rendered":"<p><strong>Ring<\/strong><\/p>\n<p><strong>Material: <\/strong>750 Wei\u00dfgold\u00a0<\/p>\n<p><strong>Stein: <\/strong>Rhodolith 1,77 ct 7 mm rund facettiert\u00a0<\/p>\n<p><strong>Straffes Design!<\/strong><\/p>\n<p><strong>Die zylinderf\u00f6rmige Fassung konzentriert die Symmetrie mit dem schlichten Goldreif des Ringes. Der runde Rhodolith im Facettenschliff \u00a0unterstreicht die kraftvolle Ausstrahlung.<\/strong><\/p>\n<p><b>Hinweis: <\/b>Unsere Ringe sind in der angegebenen Gr\u00f6\u00dfe sofort lieferbar. Sollten sie sich einen Ring in einer anderen Gr\u00f6\u00dfe w\u00fcnschen, kontaktieren sie uns bitte. Wir informieren sie gerne \u00fcber die M\u00f6glichkeit und Dauer von Gr\u00f6\u00dfenanpassungen.<\/p>\n<p><\/p>","protected":false},"excerpt":{"rendered":"<p>Ring Material: 750 Wei\u00dfgold\u00a0 Stein: Rhodolith 1,77 ct 7 mm rund facettiert\u00a0 Straffes Design! Die zylinderf\u00f6rmige Fassung konzentriert die Symmetrie mit dem schlichten Goldreif des Ringes. Der runde Rhodolith im Facettenschliff \u00a0unterstreicht die kraftvolle Ausstrahlung. Hinweis: Unsere Ringe sind in der angegebenen Gr\u00f6\u00dfe sofort lieferbar. Sollten sie sich einen Ring in einer anderen Gr\u00f6\u00dfe w\u00fcnschen, [&hellip;]<\/p>","protected":false},"featured_media":10653,"comment_status":"open","ping_status":"closed","template":"","meta":{"_acf_changed":false,"_et_pb_use_builder":"","_et_pb_old_content":"","_et_gb_content_width":"","inline_featured_image":false},"product_brand":[332],"product_cat":[295],"product_tag":[],"class_list":{"0":"post-9388","1":"product","2":"type-product","3":"status-publish","4":"has-post-thumbnail","6":"product_brand-leinfelder","7":"product_cat-ringe","9":"first","10":"outofstock","11":"shipping-taxable","12":"purchasable","13":"product-type-simple"},"acf":[],"_links":{"self":[{"href":"https:\/\/leinfelder-juweler.com\/en\/wp-json\/wp\/v2\/product\/9388","targetHints":{"allow":["GET"]}}],"collection":[{"href":"https:\/\/leinfelder-juweler.com\/en\/wp-json\/wp\/v2\/product"}],"about":[{"href":"https:\/\/leinfelder-juweler.com\/en\/wp-json\/wp\/v2\/types\/product"}],"replies":[{"embeddable":true,"href":"https:\/\/leinfelder-juweler.com\/en\/wp-json\/wp\/v2\/comments?post=9388"}],"wp:featuredmedia":[{"embeddable":true,"href":"https:\/\/leinfelder-juweler.com\/en\/wp-json\/wp\/v2\/media\/10653"}],"wp:attachment":[{"href":"https:\/\/leinfelder-juweler.com\/en\/wp-json\/wp\/v2\/media?parent=9388"}],"wp:term":[{"taxonomy":"product_brand","embeddable":true,"href":"https:\/\/leinfelder-juweler.com\/en\/wp-json\/wp\/v2\/product_brand?post=9388"},{"taxonomy":"product_cat","embeddable":true,"href":"https:\/\/leinfelder-juweler.com\/en\/wp-json\/wp\/v2\/product_cat?post=9388"},{"taxonomy":"product_tag","embeddable":true,"href":"https:\/\/leinfelder-juweler.com\/en\/wp-json\/wp\/v2\/product_tag?post=9388"}],"curies":[{"name":"wp","href":"https:\/\/api.w.org\/{rel}","templated":true}]}}