{"id":9400,"date":"2025-11-20T18:16:14","date_gmt":"2025-11-20T15:16:14","guid":{"rendered":"https:\/\/leinfelder-juweler.com\/?post_type=product&#038;p=9400"},"modified":"2025-11-20T20:57:09","modified_gmt":"2025-11-20T17:57:09","slug":"anhaenger-schluessel-2","status":"publish","type":"product","link":"https:\/\/leinfelder-juweler.com\/en\/product\/anhaenger-schluessel-2\/","title":{"rendered":"Anh\u00e4nger Schl\u00fcssel"},"content":{"rendered":"<p style=\"text-align: left;\" data-mce-fragment=\"1\"><strong>Anh\u00e4nger Schl\u00fcssel ohne Kette<br \/><\/strong><\/p>\n<p data-mce-fragment=\"1\"><strong>Material: <\/strong>750 Wei\u00dfgold<\/p>\n<p><strong>Stones: <\/strong>2 Brillanten = 0,095 ct tw vs<\/p>\n<p data-mce-fragment=\"1\"><strong>Ma\u00dfe: <\/strong>25 mm<\/p>\n<p data-mce-fragment=\"1\"><strong>Das ist der Schl\u00fcssel zum Gl\u00fcck! Eine wunderbare Liebeserkl\u00e4rung mit liebevollen Details. Angefangen mit dem funkelnden Brillanten, ein zweiter ist im Schaft versteckt und der Schl\u00fcsselbart ist in Form der Leinfelder Initialen gestaltet. \u00a0<\/strong><strong><\/strong><\/p>","protected":false},"excerpt":{"rendered":"<p>Anh\u00e4nger Schl\u00fcssel ohne Kette Material: 750 Wei\u00dfgold Steine: 2 Brillanten = 0,095 ct tw vs Ma\u00dfe: 25 mm Das ist der Schl\u00fcssel zum Gl\u00fcck! Eine wunderbare Liebeserkl\u00e4rung mit liebevollen Details. Angefangen mit dem funkelnden Brillanten, ein zweiter ist im Schaft versteckt und der Schl\u00fcsselbart ist in Form der Leinfelder Initialen gestaltet. \u00a0<\/p>","protected":false},"featured_media":10664,"comment_status":"open","ping_status":"closed","template":"","meta":{"_acf_changed":false,"_et_pb_use_builder":"","_et_pb_old_content":"","_et_gb_content_width":"","inline_featured_image":false},"product_brand":[332],"product_cat":[333],"product_tag":[],"class_list":{"0":"post-9400","1":"product","2":"type-product","3":"status-publish","4":"has-post-thumbnail","6":"product_brand-leinfelder","7":"product_cat-halsschmuck","9":"first","10":"instock","11":"shipping-taxable","12":"purchasable","13":"product-type-simple"},"acf":[],"_links":{"self":[{"href":"https:\/\/leinfelder-juweler.com\/en\/wp-json\/wp\/v2\/product\/9400","targetHints":{"allow":["GET"]}}],"collection":[{"href":"https:\/\/leinfelder-juweler.com\/en\/wp-json\/wp\/v2\/product"}],"about":[{"href":"https:\/\/leinfelder-juweler.com\/en\/wp-json\/wp\/v2\/types\/product"}],"replies":[{"embeddable":true,"href":"https:\/\/leinfelder-juweler.com\/en\/wp-json\/wp\/v2\/comments?post=9400"}],"wp:featuredmedia":[{"embeddable":true,"href":"https:\/\/leinfelder-juweler.com\/en\/wp-json\/wp\/v2\/media\/10664"}],"wp:attachment":[{"href":"https:\/\/leinfelder-juweler.com\/en\/wp-json\/wp\/v2\/media?parent=9400"}],"wp:term":[{"taxonomy":"product_brand","embeddable":true,"href":"https:\/\/leinfelder-juweler.com\/en\/wp-json\/wp\/v2\/product_brand?post=9400"},{"taxonomy":"product_cat","embeddable":true,"href":"https:\/\/leinfelder-juweler.com\/en\/wp-json\/wp\/v2\/product_cat?post=9400"},{"taxonomy":"product_tag","embeddable":true,"href":"https:\/\/leinfelder-juweler.com\/en\/wp-json\/wp\/v2\/product_tag?post=9400"}],"curies":[{"name":"wp","href":"https:\/\/api.w.org\/{rel}","templated":true}]}}