{"id":9402,"date":"2025-11-20T18:16:15","date_gmt":"2025-11-20T15:16:15","guid":{"rendered":"https:\/\/leinfelder-juweler.com\/?post_type=product&#038;p=9402"},"modified":"2025-11-20T20:57:22","modified_gmt":"2025-11-20T17:57:22","slug":"ohrstecker-mit-aquamarinen-und-suedsee-perlen","status":"publish","type":"product","link":"https:\/\/leinfelder-juweler.com\/en\/product\/ohrstecker-mit-aquamarinen-und-suedsee-perlen\/","title":{"rendered":"Ohrstecker mit Aquamarinen und S\u00fcdsee Perlen"},"content":{"rendered":"<p><strong>Ohrstecker mit Aquamarinen und S\u00fcdsee Perlen<br \/><\/strong><\/p>\n<p><strong>Material: <\/strong>750 Yellow Gold<\/p>\n<p><strong>Stein: <\/strong>Aquamarine 3,02 ct Trillant facettiert Ib<strong><br \/><\/strong><\/p>\n<p><strong>Ma\u00dfe: <\/strong>S\u00fcdsee Perlen<strong> <\/strong>13 x 11,7 mm<\/p>\n<p><strong>Diese traumhaften Ohrringe wecken Emotionen!<\/strong><\/p>\n<p><strong>Die Aquamarine im Trillant-Schliff glitzern wie die Brandung in der Sonne. Die herrlichen S\u00fcdseeperltropfen erg\u00e4nzen dieses sinnliche Ensemble.<\/strong><\/p>","protected":false},"excerpt":{"rendered":"<p>Ohrstecker mit Aquamarinen und S\u00fcdsee Perlen Material: 750 Gelbgold Stein: Aquamarine 3,02 ct Trillant facettiert Ib Ma\u00dfe: S\u00fcdsee Perlen 13 x 11,7 mm Diese traumhaften Ohrringe wecken Emotionen! Die Aquamarine im Trillant-Schliff glitzern wie die Brandung in der Sonne. Die herrlichen S\u00fcdseeperltropfen erg\u00e4nzen dieses sinnliche Ensemble.<\/p>","protected":false},"featured_media":10666,"comment_status":"open","ping_status":"closed","template":"","meta":{"_acf_changed":false,"_et_pb_use_builder":"","_et_pb_old_content":"","_et_gb_content_width":"","inline_featured_image":false},"product_brand":[332],"product_cat":[331],"product_tag":[],"class_list":{"0":"post-9402","1":"product","2":"type-product","3":"status-publish","4":"has-post-thumbnail","6":"product_brand-leinfelder","7":"product_cat-ohrschmuck","9":"first","10":"outofstock","11":"shipping-taxable","12":"purchasable","13":"product-type-simple"},"acf":[],"_links":{"self":[{"href":"https:\/\/leinfelder-juweler.com\/en\/wp-json\/wp\/v2\/product\/9402","targetHints":{"allow":["GET"]}}],"collection":[{"href":"https:\/\/leinfelder-juweler.com\/en\/wp-json\/wp\/v2\/product"}],"about":[{"href":"https:\/\/leinfelder-juweler.com\/en\/wp-json\/wp\/v2\/types\/product"}],"replies":[{"embeddable":true,"href":"https:\/\/leinfelder-juweler.com\/en\/wp-json\/wp\/v2\/comments?post=9402"}],"wp:featuredmedia":[{"embeddable":true,"href":"https:\/\/leinfelder-juweler.com\/en\/wp-json\/wp\/v2\/media\/10666"}],"wp:attachment":[{"href":"https:\/\/leinfelder-juweler.com\/en\/wp-json\/wp\/v2\/media?parent=9402"}],"wp:term":[{"taxonomy":"product_brand","embeddable":true,"href":"https:\/\/leinfelder-juweler.com\/en\/wp-json\/wp\/v2\/product_brand?post=9402"},{"taxonomy":"product_cat","embeddable":true,"href":"https:\/\/leinfelder-juweler.com\/en\/wp-json\/wp\/v2\/product_cat?post=9402"},{"taxonomy":"product_tag","embeddable":true,"href":"https:\/\/leinfelder-juweler.com\/en\/wp-json\/wp\/v2\/product_tag?post=9402"}],"curies":[{"name":"wp","href":"https:\/\/api.w.org\/{rel}","templated":true}]}}