{"id":9403,"date":"2025-11-20T18:16:15","date_gmt":"2025-11-20T15:16:15","guid":{"rendered":"https:\/\/leinfelder-juweler.com\/?post_type=product&#038;p=9403"},"modified":"2025-11-20T20:57:28","modified_gmt":"2025-11-20T17:57:28","slug":"ring-mit-turmalin-6","status":"publish","type":"product","link":"https:\/\/leinfelder-juweler.com\/en\/product\/ring-mit-turmalin-6\/","title":{"rendered":"Ring mit Turmalin"},"content":{"rendered":"<p><strong>Ring<\/strong><\/p>\n<p><strong>Material: <\/strong>750 Yellow Gold\u00a0<\/p>\n<p><strong>Stein: <\/strong>Turmalin 8,95 ct,\u00a0Baguette 16 x 9 mm <\/p>\n<p><strong>Meisterhaft!<\/strong><\/p>\n<p><strong>Die taillierte, stringente Form des Ringes aus 750 Gelbgold setzt den traumhaften Turmalin in seinem Baguette-Schliff gekonnt in den Mittelpunkt.<\/strong><\/p>\n<p><b>Hinweis: <\/b>Unsere Ringe sind in der angegebenen Gr\u00f6\u00dfe sofort lieferbar. Sollten sie sich einen Ring in einer anderen Gr\u00f6\u00dfe w\u00fcnschen, kontaktieren sie uns bitte. Wir informieren sie gerne \u00fcber die M\u00f6glichkeit und Dauer von Gr\u00f6\u00dfenanpassungen.<\/p>\n<p><\/p>\n<p><strong><br \/><\/strong><\/p>","protected":false},"excerpt":{"rendered":"<p>Ring Material: 750 Gelbgold\u00a0 Stein: Turmalin 8,95 ct,\u00a0Baguette 16 x 9 mm Meisterhaft! Die taillierte, stringente Form des Ringes aus 750 Gelbgold setzt den traumhaften Turmalin in seinem Baguette-Schliff gekonnt in den Mittelpunkt. Hinweis: Unsere Ringe sind in der angegebenen Gr\u00f6\u00dfe sofort lieferbar. Sollten sie sich einen Ring in einer anderen Gr\u00f6\u00dfe w\u00fcnschen, kontaktieren sie [&hellip;]<\/p>","protected":false},"featured_media":10667,"comment_status":"open","ping_status":"closed","template":"","meta":{"_acf_changed":false,"_et_pb_use_builder":"","_et_pb_old_content":"","_et_gb_content_width":"","inline_featured_image":false},"product_brand":[332],"product_cat":[295],"product_tag":[],"class_list":{"0":"post-9403","1":"product","2":"type-product","3":"status-publish","4":"has-post-thumbnail","6":"product_brand-leinfelder","7":"product_cat-ringe","9":"first","10":"outofstock","11":"shipping-taxable","12":"purchasable","13":"product-type-simple"},"acf":[],"_links":{"self":[{"href":"https:\/\/leinfelder-juweler.com\/en\/wp-json\/wp\/v2\/product\/9403","targetHints":{"allow":["GET"]}}],"collection":[{"href":"https:\/\/leinfelder-juweler.com\/en\/wp-json\/wp\/v2\/product"}],"about":[{"href":"https:\/\/leinfelder-juweler.com\/en\/wp-json\/wp\/v2\/types\/product"}],"replies":[{"embeddable":true,"href":"https:\/\/leinfelder-juweler.com\/en\/wp-json\/wp\/v2\/comments?post=9403"}],"wp:featuredmedia":[{"embeddable":true,"href":"https:\/\/leinfelder-juweler.com\/en\/wp-json\/wp\/v2\/media\/10667"}],"wp:attachment":[{"href":"https:\/\/leinfelder-juweler.com\/en\/wp-json\/wp\/v2\/media?parent=9403"}],"wp:term":[{"taxonomy":"product_brand","embeddable":true,"href":"https:\/\/leinfelder-juweler.com\/en\/wp-json\/wp\/v2\/product_brand?post=9403"},{"taxonomy":"product_cat","embeddable":true,"href":"https:\/\/leinfelder-juweler.com\/en\/wp-json\/wp\/v2\/product_cat?post=9403"},{"taxonomy":"product_tag","embeddable":true,"href":"https:\/\/leinfelder-juweler.com\/en\/wp-json\/wp\/v2\/product_tag?post=9403"}],"curies":[{"name":"wp","href":"https:\/\/api.w.org\/{rel}","templated":true}]}}