{"id":9409,"date":"2025-11-20T18:16:17","date_gmt":"2025-11-20T15:16:17","guid":{"rendered":"https:\/\/leinfelder-juweler.com\/?post_type=product&#038;p=9409"},"modified":"2025-11-20T20:57:51","modified_gmt":"2025-11-20T17:57:51","slug":"bandring-mit-starlit-und-232-brillanten","status":"publish","type":"product","link":"https:\/\/leinfelder-juweler.com\/en\/product\/bandring-mit-starlit-und-232-brillanten\/","title":{"rendered":"Bandring mit Starlit und 232 Brillanten"},"content":{"rendered":"<p><strong>Bandring mit Starlit und 232 Brillanten<br \/><\/strong><\/p>\n<p><strong>Material: <\/strong>750 Yellow Gold<strong>\u00a0<\/strong><\/p>\n<p><strong>Stones: <\/strong>1<strong> <\/strong>Starlit 6,50 ct 11 x 9 mm facettiert oval<\/p>\n<p>\u00a0 \u00a0 \u00a0 \u00a0 \u00a0 \u00a0\u00a0 232 Brillanten gesamt 1,71 ct tw vsi<\/p>\n<p class=\"MsoNormal\" style=\"margin-bottom: .0001pt;\"><b style=\"mso-bidi-font-weight: normal;\">Ein stilvoller Ring aus Gelbgold, der durch einen strahlenden Starlit im Zentrum besticht. Der funkelnde Edelstein wird von Brillanten umgeben, die die Ringschiene zieren und das warme Gelbgold perfekt erg\u00e4nzen. Die Kombination aus dem Starlit und den Brillanten verleiht dem Ring eine schlichte, aber dennoch edle Ausstrahlung. Ein zeitloses Schmuckst\u00fcck, das Eleganz und Alltagstauglichkeit vereint.<\/b><\/p>\n<p><strong><br \/><\/strong><\/p>\n<p><b>Hinweis: <\/b>Unsere Ringe sind in der angegebenen Gr\u00f6\u00dfe sofort lieferbar. Sollten sie sich einen Ring in einer anderen Gr\u00f6\u00dfe w\u00fcnschen, kontaktieren sie uns bitte. Wir informieren sie gerne \u00fcber die M\u00f6glichkeit und Dauer von Gr\u00f6\u00dfenanpassungen.<\/p>","protected":false},"excerpt":{"rendered":"<p>Bandring mit Starlit und 232 Brillanten Material: 750 Gelbgold\u00a0 Steine: 1 Starlit 6,50 ct 11 x 9 mm facettiert oval \u00a0 \u00a0 \u00a0 \u00a0 \u00a0 \u00a0\u00a0 232 Brillanten gesamt 1,71 ct tw vsi Ein stilvoller Ring aus Gelbgold, der durch einen strahlenden Starlit im Zentrum besticht. Der funkelnde Edelstein wird von Brillanten umgeben, die die [&hellip;]<\/p>","protected":false},"featured_media":10673,"comment_status":"open","ping_status":"closed","template":"","meta":{"_acf_changed":false,"_et_pb_use_builder":"","_et_pb_old_content":"","_et_gb_content_width":"","inline_featured_image":false},"product_brand":[332],"product_cat":[295],"product_tag":[],"class_list":{"0":"post-9409","1":"product","2":"type-product","3":"status-publish","4":"has-post-thumbnail","6":"product_brand-leinfelder","7":"product_cat-ringe","9":"first","10":"outofstock","11":"shipping-taxable","12":"purchasable","13":"product-type-simple"},"acf":[],"_links":{"self":[{"href":"https:\/\/leinfelder-juweler.com\/en\/wp-json\/wp\/v2\/product\/9409","targetHints":{"allow":["GET"]}}],"collection":[{"href":"https:\/\/leinfelder-juweler.com\/en\/wp-json\/wp\/v2\/product"}],"about":[{"href":"https:\/\/leinfelder-juweler.com\/en\/wp-json\/wp\/v2\/types\/product"}],"replies":[{"embeddable":true,"href":"https:\/\/leinfelder-juweler.com\/en\/wp-json\/wp\/v2\/comments?post=9409"}],"wp:featuredmedia":[{"embeddable":true,"href":"https:\/\/leinfelder-juweler.com\/en\/wp-json\/wp\/v2\/media\/10673"}],"wp:attachment":[{"href":"https:\/\/leinfelder-juweler.com\/en\/wp-json\/wp\/v2\/media?parent=9409"}],"wp:term":[{"taxonomy":"product_brand","embeddable":true,"href":"https:\/\/leinfelder-juweler.com\/en\/wp-json\/wp\/v2\/product_brand?post=9409"},{"taxonomy":"product_cat","embeddable":true,"href":"https:\/\/leinfelder-juweler.com\/en\/wp-json\/wp\/v2\/product_cat?post=9409"},{"taxonomy":"product_tag","embeddable":true,"href":"https:\/\/leinfelder-juweler.com\/en\/wp-json\/wp\/v2\/product_tag?post=9409"}],"curies":[{"name":"wp","href":"https:\/\/api.w.org\/{rel}","templated":true}]}}