{"id":9415,"date":"2025-11-20T18:16:19","date_gmt":"2025-11-20T15:16:19","guid":{"rendered":"https:\/\/leinfelder-juweler.com\/?post_type=product&#038;p=9415"},"modified":"2025-11-20T20:58:21","modified_gmt":"2025-11-20T17:58:21","slug":"ring-mit-aquamarin-11","status":"publish","type":"product","link":"https:\/\/leinfelder-juweler.com\/en\/product\/ring-mit-aquamarin-11\/","title":{"rendered":"Ring mit Aquamarin"},"content":{"rendered":"<p><strong><\/strong><strong>Material: <\/strong>750 Yellow Gold\u00a0<\/p>\n<p><strong>Stein: <\/strong>Aquamarin 3,08 ct,\u00a0<span data-mce-fragment=\"1\">9 x 9 mm<\/span><\/p>\n<p><strong>Aussergew\u00f6hnlich!<\/strong><\/p>\n<p><strong>Die taillierte, stringente Form des Ringes aus 750 Gelbgold setzt den Aquamarin in seinem faszinierendem Bufftop &#8211; Schliff gekonnt in den Mittelpunkt.<\/strong><\/p>\n<p><b>Hinweis: <\/b>Unsere Ringe sind in der angegebenen Gr\u00f6\u00dfe sofort lieferbar. Sollten sie sich einen Ring in einer anderen Gr\u00f6\u00dfe w\u00fcnschen, kontaktieren sie uns bitte. Wir informieren sie gerne \u00fcber die M\u00f6glichkeit und Dauer von Gr\u00f6\u00dfenanpassungen.<\/p>\n<p><\/p>\n<p><strong><br \/><\/strong><\/p>","protected":false},"excerpt":{"rendered":"<p>Material: 750 Gelbgold\u00a0 Stein: Aquamarin 3,08 ct,\u00a09 x 9 mm Aussergew\u00f6hnlich! Die taillierte, stringente Form des Ringes aus 750 Gelbgold setzt den Aquamarin in seinem faszinierendem Bufftop &#8211; Schliff gekonnt in den Mittelpunkt. Hinweis: Unsere Ringe sind in der angegebenen Gr\u00f6\u00dfe sofort lieferbar. Sollten sie sich einen Ring in einer anderen Gr\u00f6\u00dfe w\u00fcnschen, kontaktieren sie [&hellip;]<\/p>","protected":false},"featured_media":10679,"comment_status":"open","ping_status":"closed","template":"","meta":{"_acf_changed":false,"_et_pb_use_builder":"","_et_pb_old_content":"","_et_gb_content_width":"","inline_featured_image":false},"product_brand":[332],"product_cat":[295],"product_tag":[],"class_list":{"0":"post-9415","1":"product","2":"type-product","3":"status-publish","4":"has-post-thumbnail","6":"product_brand-leinfelder","7":"product_cat-ringe","9":"first","10":"outofstock","11":"shipping-taxable","12":"purchasable","13":"product-type-simple"},"acf":[],"_links":{"self":[{"href":"https:\/\/leinfelder-juweler.com\/en\/wp-json\/wp\/v2\/product\/9415","targetHints":{"allow":["GET"]}}],"collection":[{"href":"https:\/\/leinfelder-juweler.com\/en\/wp-json\/wp\/v2\/product"}],"about":[{"href":"https:\/\/leinfelder-juweler.com\/en\/wp-json\/wp\/v2\/types\/product"}],"replies":[{"embeddable":true,"href":"https:\/\/leinfelder-juweler.com\/en\/wp-json\/wp\/v2\/comments?post=9415"}],"wp:featuredmedia":[{"embeddable":true,"href":"https:\/\/leinfelder-juweler.com\/en\/wp-json\/wp\/v2\/media\/10679"}],"wp:attachment":[{"href":"https:\/\/leinfelder-juweler.com\/en\/wp-json\/wp\/v2\/media?parent=9415"}],"wp:term":[{"taxonomy":"product_brand","embeddable":true,"href":"https:\/\/leinfelder-juweler.com\/en\/wp-json\/wp\/v2\/product_brand?post=9415"},{"taxonomy":"product_cat","embeddable":true,"href":"https:\/\/leinfelder-juweler.com\/en\/wp-json\/wp\/v2\/product_cat?post=9415"},{"taxonomy":"product_tag","embeddable":true,"href":"https:\/\/leinfelder-juweler.com\/en\/wp-json\/wp\/v2\/product_tag?post=9415"}],"curies":[{"name":"wp","href":"https:\/\/api.w.org\/{rel}","templated":true}]}}