{"id":9420,"date":"2025-11-20T18:16:36","date_gmt":"2025-11-20T15:16:36","guid":{"rendered":"https:\/\/leinfelder-juweler.com\/?post_type=product&#038;p=9420"},"modified":"2025-11-20T20:58:54","modified_gmt":"2025-11-20T17:58:54","slug":"anhaenger-gluecksdrache-2","status":"publish","type":"product","link":"https:\/\/leinfelder-juweler.com\/en\/product\/anhaenger-gluecksdrache-2\/","title":{"rendered":"Anh\u00e4nger Gl\u00fccksdrache"},"content":{"rendered":"<p data-mce-fragment=\"1\"><strong>Anh\u00e4nger \u201eGl\u00fccksdrache&#8220; ohne Kette<br \/><\/strong><\/p>\n<p data-mce-fragment=\"1\"><strong>Material: <\/strong>750 Gelbgold vollplastisch<\/p>\n<p><strong>Stein: <\/strong>Brillant\u00a0 0,11 ct\u00a0 tw vs \u00d8 3,0 mm<\/p>\n<p data-mce-fragment=\"1\"><strong>Ma\u00dfe: <\/strong>15 mm<\/p>\n<p><strong>Der Leinfelder Drache ist ein vollplastischer, freundlicher Lindwurm. Das ist die Bezeichnung f\u00fcr ein schlangen-oder drachen\u00e4hnliches Fabelwesen. Der \u201eDrache\u201c\u00a0 Fafni aus dem Nibelungenlied gab die Inspiration zu diesem Schmuckst\u00fcck. Der Brillant setzt den erfrischenden Akzent.<\/strong><\/p>","protected":false},"excerpt":{"rendered":"<p>Anh\u00e4nger \u201eGl\u00fccksdrache&#8220; ohne Kette Material: 750 Gelbgold vollplastisch Stein: Brillant\u00a0 0,11 ct\u00a0 tw vs \u00d8 3,0 mm Ma\u00dfe: 15 mm Der Leinfelder Drache ist ein vollplastischer, freundlicher Lindwurm. Das ist die Bezeichnung f\u00fcr ein schlangen-oder drachen\u00e4hnliches Fabelwesen. Der \u201eDrache\u201c\u00a0 Fafni aus dem Nibelungenlied gab die Inspiration zu diesem Schmuckst\u00fcck. Der Brillant setzt den erfrischenden Akzent.<\/p>","protected":false},"featured_media":10684,"comment_status":"open","ping_status":"closed","template":"","meta":{"_acf_changed":false,"_et_pb_use_builder":"","_et_pb_old_content":"","_et_gb_content_width":"","inline_featured_image":false},"product_brand":[332],"product_cat":[333],"product_tag":[],"class_list":{"0":"post-9420","1":"product","2":"type-product","3":"status-publish","4":"has-post-thumbnail","6":"product_brand-leinfelder","7":"product_cat-halsschmuck","9":"first","10":"outofstock","11":"shipping-taxable","12":"purchasable","13":"product-type-simple"},"acf":[],"_links":{"self":[{"href":"https:\/\/leinfelder-juweler.com\/en\/wp-json\/wp\/v2\/product\/9420","targetHints":{"allow":["GET"]}}],"collection":[{"href":"https:\/\/leinfelder-juweler.com\/en\/wp-json\/wp\/v2\/product"}],"about":[{"href":"https:\/\/leinfelder-juweler.com\/en\/wp-json\/wp\/v2\/types\/product"}],"replies":[{"embeddable":true,"href":"https:\/\/leinfelder-juweler.com\/en\/wp-json\/wp\/v2\/comments?post=9420"}],"wp:featuredmedia":[{"embeddable":true,"href":"https:\/\/leinfelder-juweler.com\/en\/wp-json\/wp\/v2\/media\/10684"}],"wp:attachment":[{"href":"https:\/\/leinfelder-juweler.com\/en\/wp-json\/wp\/v2\/media?parent=9420"}],"wp:term":[{"taxonomy":"product_brand","embeddable":true,"href":"https:\/\/leinfelder-juweler.com\/en\/wp-json\/wp\/v2\/product_brand?post=9420"},{"taxonomy":"product_cat","embeddable":true,"href":"https:\/\/leinfelder-juweler.com\/en\/wp-json\/wp\/v2\/product_cat?post=9420"},{"taxonomy":"product_tag","embeddable":true,"href":"https:\/\/leinfelder-juweler.com\/en\/wp-json\/wp\/v2\/product_tag?post=9420"}],"curies":[{"name":"wp","href":"https:\/\/api.w.org\/{rel}","templated":true}]}}