{"id":9429,"date":"2025-11-20T18:16:41","date_gmt":"2025-11-20T15:16:41","guid":{"rendered":"https:\/\/leinfelder-juweler.com\/?post_type=product&#038;p=9429"},"modified":"2025-11-20T20:59:34","modified_gmt":"2025-11-20T17:59:34","slug":"solitaerring-mit-brillant","status":"publish","type":"product","link":"https:\/\/leinfelder-juweler.com\/en\/product\/solitaerring-mit-brillant\/","title":{"rendered":"Solit\u00e4rring mit Brillant"},"content":{"rendered":"<p><strong>Ring<\/strong><\/p>\n<p><strong>Material:\u00a0<\/strong>750 Gelbgold, Innenfassung 750 Wei\u00dfgold<\/p>\n<p><strong>Stein:\u00a0<\/strong>Brillant<span>\u00a00<\/span>,6 ct H si1<span>\u00a0 <\/span>\u00d8 5,3 mm mit Expertise LIR GIA 1293709724 <\/p>\n<p style=\"margin-bottom: .0001pt;\" class=\"MsoNormal\"><b style=\"mso-bidi-font-weight: normal;\">Solit\u00e4rringe sind das Sinnbild klassischer Eleganz und zeitloser Sch\u00f6nheit. Ihr zentrales Merkmal ist ein einziger, funkelnder Edelstein \u2013 meist ein Diamant \u2013 der alle Blicke auf sich zieht. Dieser Stein wird kunstvoll in einer Fassung pr\u00e4sentiert, die ihn optimal zur Geltung bringt und das Licht in alle Richtungen reflektiert. Solit\u00e4rringe symbolisieren Reinheit, Klarheit und die Einzigartigkeit der Liebe, was sie zur perfekten Wahl f\u00fcr Verlobungen und besondere Momente macht.<u><\/u><\/b><\/p>\n<p style=\"margin-bottom: .0001pt;\" class=\"MsoNormal\">\u00a0<\/p>\n<p><b>Hinweis:\u00a0<\/b>Unsere Ringe sind in der angegebenen Gr\u00f6\u00dfe sofort lieferbar. Sollten sie sich einen Ring in einer anderen Gr\u00f6\u00dfe w\u00fcnschen, kontaktieren sie uns bitte. Wir informieren sie gerne \u00fcber die M\u00f6glichkeit und Dauer von Gr\u00f6\u00dfenanpassungen.<\/p>\n<p><\/p>","protected":false},"excerpt":{"rendered":"<p>Ring Material:\u00a0750 Gelbgold, Innenfassung 750 Wei\u00dfgold Stein:\u00a0Brillant\u00a00,6 ct H si1\u00a0 \u00d8 5,3 mm mit Expertise LIR GIA 1293709724 Solit\u00e4rringe sind das Sinnbild klassischer Eleganz und zeitloser Sch\u00f6nheit. Ihr zentrales Merkmal ist ein einziger, funkelnder Edelstein \u2013 meist ein Diamant \u2013 der alle Blicke auf sich zieht. Dieser Stein wird kunstvoll in einer Fassung pr\u00e4sentiert, die [&hellip;]<\/p>","protected":false},"featured_media":10691,"comment_status":"open","ping_status":"closed","template":"","meta":{"_acf_changed":false,"_et_pb_use_builder":"","_et_pb_old_content":"","_et_gb_content_width":"","inline_featured_image":false},"product_brand":[332],"product_cat":[295],"product_tag":[],"class_list":{"0":"post-9429","1":"product","2":"type-product","3":"status-publish","4":"has-post-thumbnail","6":"product_brand-leinfelder","7":"product_cat-ringe","9":"first","10":"outofstock","11":"shipping-taxable","12":"purchasable","13":"product-type-simple"},"acf":[],"_links":{"self":[{"href":"https:\/\/leinfelder-juweler.com\/en\/wp-json\/wp\/v2\/product\/9429","targetHints":{"allow":["GET"]}}],"collection":[{"href":"https:\/\/leinfelder-juweler.com\/en\/wp-json\/wp\/v2\/product"}],"about":[{"href":"https:\/\/leinfelder-juweler.com\/en\/wp-json\/wp\/v2\/types\/product"}],"replies":[{"embeddable":true,"href":"https:\/\/leinfelder-juweler.com\/en\/wp-json\/wp\/v2\/comments?post=9429"}],"wp:featuredmedia":[{"embeddable":true,"href":"https:\/\/leinfelder-juweler.com\/en\/wp-json\/wp\/v2\/media\/10691"}],"wp:attachment":[{"href":"https:\/\/leinfelder-juweler.com\/en\/wp-json\/wp\/v2\/media?parent=9429"}],"wp:term":[{"taxonomy":"product_brand","embeddable":true,"href":"https:\/\/leinfelder-juweler.com\/en\/wp-json\/wp\/v2\/product_brand?post=9429"},{"taxonomy":"product_cat","embeddable":true,"href":"https:\/\/leinfelder-juweler.com\/en\/wp-json\/wp\/v2\/product_cat?post=9429"},{"taxonomy":"product_tag","embeddable":true,"href":"https:\/\/leinfelder-juweler.com\/en\/wp-json\/wp\/v2\/product_tag?post=9429"}],"curies":[{"name":"wp","href":"https:\/\/api.w.org\/{rel}","templated":true}]}}