{"id":9443,"date":"2025-11-20T18:16:46","date_gmt":"2025-11-20T15:16:46","guid":{"rendered":"https:\/\/leinfelder-juweler.com\/?post_type=product&#038;p=9443"},"modified":"2025-11-20T21:01:04","modified_gmt":"2025-11-20T18:01:04","slug":"mantelring-mit-rosenquarz","status":"publish","type":"product","link":"https:\/\/leinfelder-juweler.com\/en\/product\/mantelring-mit-rosenquarz\/","title":{"rendered":"Mantelring mit Rosenquarz"},"content":{"rendered":"<p><strong>Mantelring mit Rosenquarz<\/strong><\/p>\n<p><strong>Material:\u00a0<\/strong>750 Ros\u00e9gold<\/p>\n<p><strong>Stein:\u00a0<\/strong>Rosenquarz Cabochon 35,25 ct\u00a024,5 x 18 mm\u00a0<\/p>\n<p><strong>Unsere Mantelringe sind optisch und haptisch ein Genuss!<\/strong><\/p>\n<p><strong>Die Ringschiene ist seitlich schmal und gew\u00e4hrleistet ein angenehmes Tragegef\u00fchl. Ein \u00fcppiger Goldrausch ummantelt den Rosenquarz im Cabochon Schliff.<\/strong><\/p>\n<p><b>Hinweis: <\/b>Unsere Ringe sind in der angegebenen Gr\u00f6\u00dfe sofort lieferbar. Sollten sie sich einen Ring in einer anderen Gr\u00f6\u00dfe w\u00fcnschen, kontaktieren sie uns bitte. Wir informieren sie gerne \u00fcber die M\u00f6glichkeit und Dauer von Gr\u00f6\u00dfenanpassungen.<\/p>\n<p><\/p>","protected":false},"excerpt":{"rendered":"<p>Mantelring mit Rosenquarz Material:\u00a0750 Ros\u00e9gold Stein:\u00a0Rosenquarz Cabochon 35,25 ct\u00a024,5 x 18 mm\u00a0 Unsere Mantelringe sind optisch und haptisch ein Genuss! Die Ringschiene ist seitlich schmal und gew\u00e4hrleistet ein angenehmes Tragegef\u00fchl. Ein \u00fcppiger Goldrausch ummantelt den Rosenquarz im Cabochon Schliff. Hinweis: Unsere Ringe sind in der angegebenen Gr\u00f6\u00dfe sofort lieferbar. Sollten sie sich einen Ring in [&hellip;]<\/p>","protected":false},"featured_media":10705,"comment_status":"open","ping_status":"closed","template":"","meta":{"_acf_changed":false,"_et_pb_use_builder":"","_et_pb_old_content":"","_et_gb_content_width":"","inline_featured_image":false},"product_brand":[332],"product_cat":[295],"product_tag":[],"class_list":{"0":"post-9443","1":"product","2":"type-product","3":"status-publish","4":"has-post-thumbnail","6":"product_brand-leinfelder","7":"product_cat-ringe","9":"first","10":"outofstock","11":"shipping-taxable","12":"purchasable","13":"product-type-simple"},"acf":[],"_links":{"self":[{"href":"https:\/\/leinfelder-juweler.com\/en\/wp-json\/wp\/v2\/product\/9443","targetHints":{"allow":["GET"]}}],"collection":[{"href":"https:\/\/leinfelder-juweler.com\/en\/wp-json\/wp\/v2\/product"}],"about":[{"href":"https:\/\/leinfelder-juweler.com\/en\/wp-json\/wp\/v2\/types\/product"}],"replies":[{"embeddable":true,"href":"https:\/\/leinfelder-juweler.com\/en\/wp-json\/wp\/v2\/comments?post=9443"}],"wp:featuredmedia":[{"embeddable":true,"href":"https:\/\/leinfelder-juweler.com\/en\/wp-json\/wp\/v2\/media\/10705"}],"wp:attachment":[{"href":"https:\/\/leinfelder-juweler.com\/en\/wp-json\/wp\/v2\/media?parent=9443"}],"wp:term":[{"taxonomy":"product_brand","embeddable":true,"href":"https:\/\/leinfelder-juweler.com\/en\/wp-json\/wp\/v2\/product_brand?post=9443"},{"taxonomy":"product_cat","embeddable":true,"href":"https:\/\/leinfelder-juweler.com\/en\/wp-json\/wp\/v2\/product_cat?post=9443"},{"taxonomy":"product_tag","embeddable":true,"href":"https:\/\/leinfelder-juweler.com\/en\/wp-json\/wp\/v2\/product_tag?post=9443"}],"curies":[{"name":"wp","href":"https:\/\/api.w.org\/{rel}","templated":true}]}}