{"id":9445,"date":"2025-11-20T18:16:47","date_gmt":"2025-11-20T15:16:47","guid":{"rendered":"https:\/\/leinfelder-juweler.com\/?post_type=product&#038;p=9445"},"modified":"2025-11-20T21:01:16","modified_gmt":"2025-11-20T18:01:16","slug":"mantelring-tailliert-mit-pink-saphiren","status":"publish","type":"product","link":"https:\/\/leinfelder-juweler.com\/en\/product\/mantelring-tailliert-mit-pink-saphiren\/","title":{"rendered":"Mantelring tailliert mit pink Saphiren"},"content":{"rendered":"<p><strong>Ring<\/strong><\/p>\n<p><strong>Material:\u00a0<\/strong>750 Yellow Gold<\/p>\n<p><strong>Stones:\u00a0<\/strong>120 pink Saphire \u00d8 1,5 -3,0 mm\u00a0<\/p>\n<p><strong>Der perfekte Cocktailring!<\/strong><\/p>\n<p><strong>120 pink Saphire im Brillantschliff, jeder einzelne von Hand gefasst, k\u00fcren diesen Ring.<\/strong><\/p>\n<p data-mce-fragment=\"1\"><b data-mce-fragment=\"1\">Hinweis: <\/b>Unsere Ringe sind in der angegebenen Gr\u00f6\u00dfe sofort lieferbar. Sollten sie sich einen Ring in einer anderen Gr\u00f6\u00dfe w\u00fcnschen, kontaktieren sie uns bitte. Wir informieren sie gerne \u00fcber die M\u00f6glichkeit und Dauer von Gr\u00f6\u00dfenanpassungen.<\/p>\n<p><\/p>","protected":false},"excerpt":{"rendered":"<p>Ring Material:\u00a0750 Gelbgold Steine:\u00a0120 pink Saphire \u00d8 1,5 -3,0 mm\u00a0 Der perfekte Cocktailring! 120 pink Saphire im Brillantschliff, jeder einzelne von Hand gefasst, k\u00fcren diesen Ring. Hinweis: Unsere Ringe sind in der angegebenen Gr\u00f6\u00dfe sofort lieferbar. Sollten sie sich einen Ring in einer anderen Gr\u00f6\u00dfe w\u00fcnschen, kontaktieren sie uns bitte. Wir informieren sie gerne \u00fcber [&hellip;]<\/p>","protected":false},"featured_media":10707,"comment_status":"open","ping_status":"closed","template":"","meta":{"_acf_changed":false,"_et_pb_use_builder":"","_et_pb_old_content":"","_et_gb_content_width":"","inline_featured_image":false},"product_brand":[332],"product_cat":[295],"product_tag":[],"class_list":{"0":"post-9445","1":"product","2":"type-product","3":"status-publish","4":"has-post-thumbnail","6":"product_brand-leinfelder","7":"product_cat-ringe","9":"first","10":"outofstock","11":"shipping-taxable","12":"purchasable","13":"product-type-simple"},"acf":[],"_links":{"self":[{"href":"https:\/\/leinfelder-juweler.com\/en\/wp-json\/wp\/v2\/product\/9445","targetHints":{"allow":["GET"]}}],"collection":[{"href":"https:\/\/leinfelder-juweler.com\/en\/wp-json\/wp\/v2\/product"}],"about":[{"href":"https:\/\/leinfelder-juweler.com\/en\/wp-json\/wp\/v2\/types\/product"}],"replies":[{"embeddable":true,"href":"https:\/\/leinfelder-juweler.com\/en\/wp-json\/wp\/v2\/comments?post=9445"}],"wp:featuredmedia":[{"embeddable":true,"href":"https:\/\/leinfelder-juweler.com\/en\/wp-json\/wp\/v2\/media\/10707"}],"wp:attachment":[{"href":"https:\/\/leinfelder-juweler.com\/en\/wp-json\/wp\/v2\/media?parent=9445"}],"wp:term":[{"taxonomy":"product_brand","embeddable":true,"href":"https:\/\/leinfelder-juweler.com\/en\/wp-json\/wp\/v2\/product_brand?post=9445"},{"taxonomy":"product_cat","embeddable":true,"href":"https:\/\/leinfelder-juweler.com\/en\/wp-json\/wp\/v2\/product_cat?post=9445"},{"taxonomy":"product_tag","embeddable":true,"href":"https:\/\/leinfelder-juweler.com\/en\/wp-json\/wp\/v2\/product_tag?post=9445"}],"curies":[{"name":"wp","href":"https:\/\/api.w.org\/{rel}","templated":true}]}}