{"id":9448,"date":"2025-11-20T18:16:48","date_gmt":"2025-11-20T15:16:48","guid":{"rendered":"https:\/\/leinfelder-juweler.com\/?post_type=product&#038;p=9448"},"modified":"2025-11-20T21:01:32","modified_gmt":"2025-11-20T18:01:32","slug":"ohrstecker-loops-mit-72-brillanten","status":"publish","type":"product","link":"https:\/\/leinfelder-juweler.com\/en\/product\/ohrstecker-loops-mit-72-brillanten\/","title":{"rendered":"Ohrstecker \u201eLoops\u201c mit 72 Brillanten"},"content":{"rendered":"<p><strong>Ein Paar Ohrstecker au\u00dfen \u00d8 12 mm<\/strong><\/p>\n<p><strong>Material: <\/strong>750 Wei\u00dfgold<\/p>\n<p><strong>Stones: <\/strong>54 Brillanten \u00d81,2 mm = 0,486 ct tw vs\u00a0<\/p>\n<p class=\"MsoNormal\" style=\"margin-bottom: .0001pt;\"><strong><span style=\"font-family: 'Calibri',sans-serif; mso-ascii-theme-font: minor-latin; mso-hansi-theme-font: minor-latin; mso-bidi-font-family: 'Times New Roman'; mso-bidi-theme-font: minor-bidi;\">Einzigartige Brillanz: Diamantschmuck in meisterhafter Handarbeit.<\/span><\/strong><br \/><strong><span style=\"font-family: 'Calibri',sans-serif; mso-ascii-theme-font: minor-latin; mso-hansi-theme-font: minor-latin; mso-bidi-font-family: 'Times New Roman'; mso-bidi-theme-font: minor-bidi;\">jedes Schmuckst\u00fcck \u2013 mit Sorgfalt und Hingabe f\u00fcr Sie gefertigt.<\/span><\/strong><\/p>\n<p class=\"MsoNormal\" style=\"margin-bottom: .0001pt;\">\u00a0<\/p>\n<p class=\"MsoNormal\" style=\"margin-bottom: .0001pt;\"><b style=\"mso-bidi-font-weight: normal;\">Diese Ohrringe zeichnen sich durch ein modernes und zugleich elegantes Design aus. Sie bestehen aus zwei ineinander verschlungenen Kreisen, die mit feurigen Brillanten besetzt sind. Die kleineren und gr\u00f6\u00dferen Kreise symbolisieren Harmonie und Balance, w\u00e4hrend die feinen Diamanten den Ohrringen einen luxuri\u00f6sen Glanz verleihen.<u><\/u><\/b><\/p>","protected":false},"excerpt":{"rendered":"<p>Ein Paar Ohrstecker au\u00dfen \u00d8 12 mm Material: 750 Wei\u00dfgold Steine: 54 Brillanten \u00d81,2 mm = 0,486 ct tw vs\u00a0 Einzigartige Brillanz: Diamantschmuck in meisterhafter Handarbeit.jedes Schmuckst\u00fcck \u2013 mit Sorgfalt und Hingabe f\u00fcr Sie gefertigt. \u00a0 Diese Ohrringe zeichnen sich durch ein modernes und zugleich elegantes Design aus. Sie bestehen aus zwei ineinander verschlungenen Kreisen, [&hellip;]<\/p>","protected":false},"featured_media":10710,"comment_status":"open","ping_status":"closed","template":"","meta":{"_acf_changed":false,"_et_pb_use_builder":"","_et_pb_old_content":"","_et_gb_content_width":"","inline_featured_image":false},"product_brand":[332],"product_cat":[331],"product_tag":[],"class_list":{"0":"post-9448","1":"product","2":"type-product","3":"status-publish","4":"has-post-thumbnail","6":"product_brand-leinfelder","7":"product_cat-ohrschmuck","9":"first","10":"instock","11":"shipping-taxable","12":"purchasable","13":"product-type-simple"},"acf":[],"_links":{"self":[{"href":"https:\/\/leinfelder-juweler.com\/en\/wp-json\/wp\/v2\/product\/9448","targetHints":{"allow":["GET"]}}],"collection":[{"href":"https:\/\/leinfelder-juweler.com\/en\/wp-json\/wp\/v2\/product"}],"about":[{"href":"https:\/\/leinfelder-juweler.com\/en\/wp-json\/wp\/v2\/types\/product"}],"replies":[{"embeddable":true,"href":"https:\/\/leinfelder-juweler.com\/en\/wp-json\/wp\/v2\/comments?post=9448"}],"wp:featuredmedia":[{"embeddable":true,"href":"https:\/\/leinfelder-juweler.com\/en\/wp-json\/wp\/v2\/media\/10710"}],"wp:attachment":[{"href":"https:\/\/leinfelder-juweler.com\/en\/wp-json\/wp\/v2\/media?parent=9448"}],"wp:term":[{"taxonomy":"product_brand","embeddable":true,"href":"https:\/\/leinfelder-juweler.com\/en\/wp-json\/wp\/v2\/product_brand?post=9448"},{"taxonomy":"product_cat","embeddable":true,"href":"https:\/\/leinfelder-juweler.com\/en\/wp-json\/wp\/v2\/product_cat?post=9448"},{"taxonomy":"product_tag","embeddable":true,"href":"https:\/\/leinfelder-juweler.com\/en\/wp-json\/wp\/v2\/product_tag?post=9448"}],"curies":[{"name":"wp","href":"https:\/\/api.w.org\/{rel}","templated":true}]}}