{"id":9449,"date":"2025-11-20T18:17:05","date_gmt":"2025-11-20T15:17:05","guid":{"rendered":"https:\/\/leinfelder-juweler.com\/?post_type=product&#038;p=9449"},"modified":"2025-11-20T21:01:32","modified_gmt":"2025-11-20T18:01:32","slug":"anhaenger-mit-brillanten-und-starliten-inklusive-rundankerkette","status":"publish","type":"product","link":"https:\/\/leinfelder-juweler.com\/en\/product\/anhaenger-mit-brillanten-und-starliten-inklusive-rundankerkette\/","title":{"rendered":"Anh\u00e4nger mit Brillanten und Starliten inklusive Rundankerkette"},"content":{"rendered":"<p data-mce-fragment=\"1\"><strong>Anh\u00e4nger\u00a0mit Brillanten und Starliten inklusive Rundankerkette<br \/><\/strong><\/p>\n<p data-mce-fragment=\"1\"><strong>Material: <\/strong>750 Gelbgold vollplastisch<\/p>\n<p><strong>Stones:<\/strong> 2 Brillanten \u00d8 2,5 mm = 0,12 ct tw vvs\u00a0und 3 Starliten<span> <\/span>=<span>\u00a0<\/span>2,29 ct<\/p>\n<p data-mce-fragment=\"1\"><strong>Dimensions <span data-mce-fragment=\"1\" lang=\"EN-US\">Rundankerkette: <\/span><\/strong><span data-mce-fragment=\"1\" lang=\"EN-US\">1,9 mm \/ 45,5 cm<br \/><\/span><\/p>\n<p data-mce-fragment=\"1\"><strong><span data-mce-fragment=\"1\" lang=\"EN-US\">Das Zusammenspiel der floralen und organischen Fassungen umschmeicheln die faszinierenden Starlite. Zwei Brillanten erg\u00e4nzen diesen Bl\u00fctenzauber. Die Kette ist direkt an der oberen Blume angebracht und sorgt f\u00fcr die perfekte Inszenierung.<\/span><\/strong><\/p>","protected":false},"excerpt":{"rendered":"<p>Anh\u00e4nger\u00a0mit Brillanten und Starliten inklusive Rundankerkette Material: 750 Gelbgold vollplastisch Steine: 2 Brillanten \u00d8 2,5 mm = 0,12 ct tw vvs\u00a0und 3 Starliten =\u00a02,29 ct Ma\u00dfe Rundankerkette: 1,9 mm \/ 45,5 cm Das Zusammenspiel der floralen und organischen Fassungen umschmeicheln die faszinierenden Starlite. Zwei Brillanten erg\u00e4nzen diesen Bl\u00fctenzauber. Die Kette ist direkt an der oberen [&hellip;]<\/p>","protected":false},"featured_media":7958,"comment_status":"open","ping_status":"closed","template":"","meta":{"_acf_changed":false,"_et_pb_use_builder":"","_et_pb_old_content":"","_et_gb_content_width":"","inline_featured_image":false},"product_brand":[332],"product_cat":[333],"product_tag":[],"class_list":{"0":"post-9449","1":"product","2":"type-product","3":"status-publish","4":"has-post-thumbnail","6":"product_brand-leinfelder","7":"product_cat-halsschmuck","9":"first","10":"outofstock","11":"shipping-taxable","12":"purchasable","13":"product-type-simple"},"acf":[],"_links":{"self":[{"href":"https:\/\/leinfelder-juweler.com\/en\/wp-json\/wp\/v2\/product\/9449","targetHints":{"allow":["GET"]}}],"collection":[{"href":"https:\/\/leinfelder-juweler.com\/en\/wp-json\/wp\/v2\/product"}],"about":[{"href":"https:\/\/leinfelder-juweler.com\/en\/wp-json\/wp\/v2\/types\/product"}],"replies":[{"embeddable":true,"href":"https:\/\/leinfelder-juweler.com\/en\/wp-json\/wp\/v2\/comments?post=9449"}],"wp:featuredmedia":[{"embeddable":true,"href":"https:\/\/leinfelder-juweler.com\/en\/wp-json\/wp\/v2\/media\/7958"}],"wp:attachment":[{"href":"https:\/\/leinfelder-juweler.com\/en\/wp-json\/wp\/v2\/media?parent=9449"}],"wp:term":[{"taxonomy":"product_brand","embeddable":true,"href":"https:\/\/leinfelder-juweler.com\/en\/wp-json\/wp\/v2\/product_brand?post=9449"},{"taxonomy":"product_cat","embeddable":true,"href":"https:\/\/leinfelder-juweler.com\/en\/wp-json\/wp\/v2\/product_cat?post=9449"},{"taxonomy":"product_tag","embeddable":true,"href":"https:\/\/leinfelder-juweler.com\/en\/wp-json\/wp\/v2\/product_tag?post=9449"}],"curies":[{"name":"wp","href":"https:\/\/api.w.org\/{rel}","templated":true}]}}