{"id":9450,"date":"2025-11-20T18:17:05","date_gmt":"2025-11-20T15:17:05","guid":{"rendered":"https:\/\/leinfelder-juweler.com\/?post_type=product&#038;p=9450"},"modified":"2025-11-20T21:01:38","modified_gmt":"2025-11-20T18:01:38","slug":"anhaenger-engelsfluegel","status":"publish","type":"product","link":"https:\/\/leinfelder-juweler.com\/en\/product\/anhaenger-engelsfluegel\/","title":{"rendered":"Anh\u00e4nger Engelsfl\u00fcgel"},"content":{"rendered":"<p data-mce-fragment=\"1\"><strong>Anh\u00e4nger \u201e<span data-mce-fragment=\"1\">Engelsfl\u00fcgel\u00a0<\/span>&#8220; ohne Kette<br \/><\/strong><\/p>\n<p data-mce-fragment=\"1\"><strong>Material: <\/strong>750 Yellow Gold<\/p>\n<p data-mce-fragment=\"1\"><strong>Ma\u00dfe: <\/strong>35\u00a0mm<\/p>\n<p><strong>Ein Gl\u00fccksbringer mit Geschichte.<\/strong><\/p>\n<p data-mce-fragment=\"1\"><strong>Unser Engelsfl\u00fcgel ist dem M\u00fcnchner Friedensengel detailgetreu nachempfunden. Sehen Sie ganz genau hin.<\/strong><\/p>\n<p data-mce-fragment=\"1\">\u00a0<\/p>\n<p data-mce-fragment=\"1\"><strong>Passend zu diesem Anh\u00e4nger empfehlen wir eine der folgenden Ketten: <\/strong><\/p>\n<p><strong>Rundankerkette 2,6 mm \/ 45 cm:<\/strong><\/p>\n<p><a href=\"https:\/\/shop.leinfelder-goldschmiede.de\/products\/rundankerkette-2-6-mm-45-cm\"><img decoding=\"async\" alt=\"Rundankerkette 2,6 mm \/ 45 cm\" src=\"https:\/\/cdn.shopify.com\/s\/files\/1\/0537\/7205\/8797\/files\/45_55_035_Rundankerkette_2_6_mm_zugeschnitten.jpg?v=1617284677\"><\/a><\/p>\n<p><strong>Weitankerkette 2,5 mm \/ 45 cm:<\/strong><\/p>\n<p><a href=\"https:\/\/shop.leinfelder-goldschmiede.de\/products\/weitankerkette-2-5-mm-45-cm\"><img decoding=\"async\" alt=\"Weitankerkette 2,5 mm \/ 45 cm\" src=\"https:\/\/cdn.shopify.com\/s\/files\/1\/0537\/7205\/8797\/files\/45_55_47_Weitankerkette_2_5_mm_zugeschnitten.jpg?v=1616748836\"><\/a><\/p>\n<p><strong>Kugelkette 1,5 mm \/ 45 cm:<\/strong><\/p>\n<p><a href=\"https:\/\/shop.leinfelder-goldschmiede.de\/products\/kugelkette-1-5-mm-45-cm\"><img decoding=\"async\" alt=\"Kugelkette 1,5 mm \/ 45 cm\" src=\"https:\/\/cdn.shopify.com\/s\/files\/1\/0537\/7205\/8797\/files\/45_55_017_Kugelkette_1_5_mm_zugeschnitten.jpg?v=1616748616\"><\/a><\/p>\n<p><strong>Satinband mit Bajonett 2,7 mm \/ 50 cm:<\/strong><\/p>\n<p><a href=\"https:\/\/shop.leinfelder-goldschmiede.de\/products\/satinband-mit-bajonett-2-7-mm-50-cm\"><img decoding=\"async\" alt=\"Satinband mit Bajonett 2,7 mm \/ 50 cm\" src=\"https:\/\/cdn.shopify.com\/s\/files\/1\/0537\/7205\/8797\/files\/97_55_433_Satinband_mit_Bajonett_2_7_mm_zugeschnitten.jpg?v=1616748928\"><\/a><\/p>","protected":false},"excerpt":{"rendered":"<p>Anh\u00e4nger \u201eEngelsfl\u00fcgel\u00a0&#8220; ohne Kette Material: 750 Gelbgold Ma\u00dfe: 35\u00a0mm Ein Gl\u00fccksbringer mit Geschichte. Unser Engelsfl\u00fcgel ist dem M\u00fcnchner Friedensengel detailgetreu nachempfunden. Sehen Sie ganz genau hin. \u00a0 Passend zu diesem Anh\u00e4nger empfehlen wir eine der folgenden Ketten: Rundankerkette 2,6 mm \/ 45 cm: Weitankerkette 2,5 mm \/ 45 cm: Kugelkette 1,5 mm \/ 45 cm: [&hellip;]<\/p>","protected":false},"featured_media":10711,"comment_status":"open","ping_status":"closed","template":"","meta":{"_acf_changed":false,"_et_pb_use_builder":"","_et_pb_old_content":"","_et_gb_content_width":"","inline_featured_image":false},"product_brand":[332],"product_cat":[333],"product_tag":[],"class_list":{"0":"post-9450","1":"product","2":"type-product","3":"status-publish","4":"has-post-thumbnail","6":"product_brand-leinfelder","7":"product_cat-halsschmuck","9":"first","10":"outofstock","11":"shipping-taxable","12":"purchasable","13":"product-type-simple"},"acf":[],"_links":{"self":[{"href":"https:\/\/leinfelder-juweler.com\/en\/wp-json\/wp\/v2\/product\/9450","targetHints":{"allow":["GET"]}}],"collection":[{"href":"https:\/\/leinfelder-juweler.com\/en\/wp-json\/wp\/v2\/product"}],"about":[{"href":"https:\/\/leinfelder-juweler.com\/en\/wp-json\/wp\/v2\/types\/product"}],"replies":[{"embeddable":true,"href":"https:\/\/leinfelder-juweler.com\/en\/wp-json\/wp\/v2\/comments?post=9450"}],"wp:featuredmedia":[{"embeddable":true,"href":"https:\/\/leinfelder-juweler.com\/en\/wp-json\/wp\/v2\/media\/10711"}],"wp:attachment":[{"href":"https:\/\/leinfelder-juweler.com\/en\/wp-json\/wp\/v2\/media?parent=9450"}],"wp:term":[{"taxonomy":"product_brand","embeddable":true,"href":"https:\/\/leinfelder-juweler.com\/en\/wp-json\/wp\/v2\/product_brand?post=9450"},{"taxonomy":"product_cat","embeddable":true,"href":"https:\/\/leinfelder-juweler.com\/en\/wp-json\/wp\/v2\/product_cat?post=9450"},{"taxonomy":"product_tag","embeddable":true,"href":"https:\/\/leinfelder-juweler.com\/en\/wp-json\/wp\/v2\/product_tag?post=9450"}],"curies":[{"name":"wp","href":"https:\/\/api.w.org\/{rel}","templated":true}]}}