{"id":9451,"date":"2025-11-20T18:17:05","date_gmt":"2025-11-20T15:17:05","guid":{"rendered":"https:\/\/leinfelder-juweler.com\/?post_type=product&#038;p=9451"},"modified":"2025-11-20T21:01:44","modified_gmt":"2025-11-20T18:01:44","slug":"armspange-mit-drachenmuster","status":"publish","type":"product","link":"https:\/\/leinfelder-juweler.com\/en\/product\/armspange-mit-drachenmuster\/","title":{"rendered":"Armspange mit Drachenmuster"},"content":{"rendered":"<h6 data-mce-fragment=\"1\"><strong style=\"font-size: 1.4em;\">Armspange mit Drachenmuster<\/strong><\/h6>\n<p><strong>Material:\u00a0<\/strong>Bronze<\/p>\n<p data-mce-fragment=\"1\"><strong>Ma\u00dfe: <\/strong>Breite\u00a015 mm<\/p>\n<p data-mce-fragment=\"1\"><strong>Der Effekt dieser markanten Armspange liegt in der Kombination von Bronze und dem Gl\u00fccksdrachenmuster. Die plastische Anmutung wird durch die geschw\u00e4rzten Zwischenr\u00e4ume betont.<\/strong><\/p>","protected":false},"excerpt":{"rendered":"<p>Armspange mit Drachenmuster Material:\u00a0Bronze Ma\u00dfe: Breite\u00a015 mm Der Effekt dieser markanten Armspange liegt in der Kombination von Bronze und dem Gl\u00fccksdrachenmuster. Die plastische Anmutung wird durch die geschw\u00e4rzten Zwischenr\u00e4ume betont.<\/p>","protected":false},"featured_media":10712,"comment_status":"open","ping_status":"closed","template":"","meta":{"_acf_changed":false,"_et_pb_use_builder":"","_et_pb_old_content":"","_et_gb_content_width":"","inline_featured_image":false},"product_brand":[332],"product_cat":[335],"product_tag":[],"class_list":{"0":"post-9451","1":"product","2":"type-product","3":"status-publish","4":"has-post-thumbnail","6":"product_brand-leinfelder","7":"product_cat-armschmuck","9":"first","10":"outofstock","11":"shipping-taxable","12":"purchasable","13":"product-type-simple"},"acf":[],"_links":{"self":[{"href":"https:\/\/leinfelder-juweler.com\/en\/wp-json\/wp\/v2\/product\/9451","targetHints":{"allow":["GET"]}}],"collection":[{"href":"https:\/\/leinfelder-juweler.com\/en\/wp-json\/wp\/v2\/product"}],"about":[{"href":"https:\/\/leinfelder-juweler.com\/en\/wp-json\/wp\/v2\/types\/product"}],"replies":[{"embeddable":true,"href":"https:\/\/leinfelder-juweler.com\/en\/wp-json\/wp\/v2\/comments?post=9451"}],"wp:featuredmedia":[{"embeddable":true,"href":"https:\/\/leinfelder-juweler.com\/en\/wp-json\/wp\/v2\/media\/10712"}],"wp:attachment":[{"href":"https:\/\/leinfelder-juweler.com\/en\/wp-json\/wp\/v2\/media?parent=9451"}],"wp:term":[{"taxonomy":"product_brand","embeddable":true,"href":"https:\/\/leinfelder-juweler.com\/en\/wp-json\/wp\/v2\/product_brand?post=9451"},{"taxonomy":"product_cat","embeddable":true,"href":"https:\/\/leinfelder-juweler.com\/en\/wp-json\/wp\/v2\/product_cat?post=9451"},{"taxonomy":"product_tag","embeddable":true,"href":"https:\/\/leinfelder-juweler.com\/en\/wp-json\/wp\/v2\/product_tag?post=9451"}],"curies":[{"name":"wp","href":"https:\/\/api.w.org\/{rel}","templated":true}]}}