{"id":9453,"date":"2025-11-20T18:17:06","date_gmt":"2025-11-20T15:17:06","guid":{"rendered":"https:\/\/leinfelder-juweler.com\/?post_type=product&#038;p=9453"},"modified":"2025-11-20T21:01:51","modified_gmt":"2025-11-20T18:01:51","slug":"collier-750-gelbgold-mit-smaragden-und-saphiren","status":"publish","type":"product","link":"https:\/\/leinfelder-juweler.com\/en\/product\/collier-750-gelbgold-mit-smaragden-und-saphiren\/","title":{"rendered":"Collier 750 Gelbgold mit Smaragden und Saphiren"},"content":{"rendered":"<p data-mce-fragment=\"1\"><strong>Collier 750 Gelbgold mit Smaragden und Saphiren<br \/>\n<\/strong><\/p>\n<p data-mce-fragment=\"1\"><strong>Material: <\/strong>750 Yellow Gold<\/p>\n<p><strong>Stones:<\/strong>\u00a0Smaragde\u00a0insgesamt\u00a096,3 ct und Saphire insgesamt\u00a072,75\u00a0ct<\/p>\n<p data-mce-fragment=\"1\"><strong>Dimensions<span lang=\"EN-US\" data-mce-fragment=\"1\">: <\/span><\/strong><span lang=\"EN-US\" data-mce-fragment=\"1\">44 cm<\/span><\/p>\n<p data-mce-fragment=\"1\"><strong><span lang=\"EN-US\" data-mce-fragment=\"1\">Ein Collier, das K\u00f6nigin Kleopatra geliebt h\u00e4tte. Leuchtendgr\u00fcne Smaragde verschmelzen mit den feinen Saphiren zu einer Symbiose. Das warme Gelbgold betont die majest\u00e4tische Anmutung.<\/span><\/strong><\/p>","protected":false},"excerpt":{"rendered":"<p>Collier 750 Gelbgold mit Smaragden und Saphiren Material: 750 Gelbgold Steine:\u00a0Smaragde\u00a0insgesamt\u00a096,3 ct und Saphire insgesamt\u00a072,75\u00a0ct Ma\u00dfe: 44 cm Ein Collier, das K\u00f6nigin Kleopatra geliebt h\u00e4tte. Leuchtendgr\u00fcne Smaragde verschmelzen mit den feinen Saphiren zu einer Symbiose. Das warme Gelbgold betont die majest\u00e4tische Anmutung.<\/p>","protected":false},"featured_media":10714,"comment_status":"open","ping_status":"closed","template":"","meta":{"_acf_changed":false,"_et_pb_use_builder":"","_et_pb_old_content":"","_et_gb_content_width":"","inline_featured_image":false},"product_brand":[332],"product_cat":[333],"product_tag":[],"class_list":{"0":"post-9453","1":"product","2":"type-product","3":"status-publish","4":"has-post-thumbnail","6":"product_brand-leinfelder","7":"product_cat-halsschmuck","9":"first","10":"outofstock","11":"shipping-taxable","12":"purchasable","13":"product-type-simple"},"acf":[],"_links":{"self":[{"href":"https:\/\/leinfelder-juweler.com\/en\/wp-json\/wp\/v2\/product\/9453","targetHints":{"allow":["GET"]}}],"collection":[{"href":"https:\/\/leinfelder-juweler.com\/en\/wp-json\/wp\/v2\/product"}],"about":[{"href":"https:\/\/leinfelder-juweler.com\/en\/wp-json\/wp\/v2\/types\/product"}],"replies":[{"embeddable":true,"href":"https:\/\/leinfelder-juweler.com\/en\/wp-json\/wp\/v2\/comments?post=9453"}],"wp:featuredmedia":[{"embeddable":true,"href":"https:\/\/leinfelder-juweler.com\/en\/wp-json\/wp\/v2\/media\/10714"}],"wp:attachment":[{"href":"https:\/\/leinfelder-juweler.com\/en\/wp-json\/wp\/v2\/media?parent=9453"}],"wp:term":[{"taxonomy":"product_brand","embeddable":true,"href":"https:\/\/leinfelder-juweler.com\/en\/wp-json\/wp\/v2\/product_brand?post=9453"},{"taxonomy":"product_cat","embeddable":true,"href":"https:\/\/leinfelder-juweler.com\/en\/wp-json\/wp\/v2\/product_cat?post=9453"},{"taxonomy":"product_tag","embeddable":true,"href":"https:\/\/leinfelder-juweler.com\/en\/wp-json\/wp\/v2\/product_tag?post=9453"}],"curies":[{"name":"wp","href":"https:\/\/api.w.org\/{rel}","templated":true}]}}